{"id":11828,"date":"2025-11-24T13:53:59","date_gmt":"2025-11-24T12:53:59","guid":{"rendered":"https:\/\/ubgen.com\/?page_id=11828"},"modified":"2025-11-25T09:56:54","modified_gmt":"2025-11-25T08:56:54","slug":"libreria-2","status":"publish","type":"page","link":"https:\/\/ubgen.com\/es\/canal-etico\/","title":{"rendered":"Canal \u00e9tico"},"content":{"rendered":"\t\t<div data-elementor-type=\"wp-page\" data-elementor-id=\"11828\" class=\"elementor elementor-11828 elementor-11826\" data-elementor-post-type=\"page\">\n\t\t\t\t<div class=\"elementor-element elementor-element-6eaa883c e-con-full e-flex e-con e-parent\" data-id=\"6eaa883c\" data-element_type=\"container\" data-e-type=\"container\" id=\"hero-products\" data-settings=\"{&quot;background_background&quot;:&quot;classic&quot;}\">\n\t\t<div class=\"elementor-element elementor-element-647c7d06 e-con-full container hero-products-container e-flex e-con e-child\" data-id=\"647c7d06\" data-element_type=\"container\" data-e-type=\"container\">\n\t\t\t\t<div class=\"elementor-element elementor-element-2d34c688 hero-products-text elementor-widget elementor-widget-text-editor\" data-id=\"2d34c688\" data-element_type=\"widget\" data-e-type=\"widget\" data-widget_type=\"text-editor.default\">\n\t\t\t\t\t\t\t\t\t<p>Canal \u00e9tico<\/p>\t\t\t\t\t\t\t\t<\/div>\n\t\t\t\t<\/div>\n\t\t\t\t<\/div>\n\t\t<div class=\"elementor-element elementor-element-397d4d0 e-flex e-con-boxed e-con e-parent\" data-id=\"397d4d0\" data-element_type=\"container\" data-e-type=\"container\">\n\t\t\t\t\t<div class=\"e-con-inner\">\n\t\t\t\t<div class=\"elementor-element elementor-element-370ee97 elementor-widget-divider--view-line elementor-widget elementor-widget-divider\" data-id=\"370ee97\" data-element_type=\"widget\" data-e-type=\"widget\" data-widget_type=\"divider.default\">\n\t\t\t\t\t\t\t<div class=\"elementor-divider\">\n\t\t\t<span class=\"elementor-divider-separator\">\n\t\t\t\t\t\t<\/span>\n\t\t<\/div>\n\t\t\t\t\t\t<\/div>\n\t\t\t\t<div class=\"elementor-element elementor-element-49e7aa9 elementor-widget elementor-widget-text-editor\" data-id=\"49e7aa9\" data-element_type=\"widget\" data-e-type=\"widget\" data-widget_type=\"text-editor.default\">\n\t\t\t\t\t\t\t\t\t<p>El\u00a0<strong>Canal \u00c9tico de Grupo Ziacom<\/strong>\u00a0se encuentra a disposici\u00f3n de\u00a0<strong>cualquier persona f\u00edsica o jur\u00eddica<\/strong>\u00a0con la que tiene o prev\u00e9 tener\u00a0<strong>relaciones corporativas, institucionales y de negocio<\/strong>, como asociados, \u00f3rganos de gobierno y representaci\u00f3n, \u00f3rganos de asesoramiento, directivos, empleados, proveedores, prestadores de servicios externalizados, colaboradores y\/o consultores.<\/p>\t\t\t\t\t\t\t\t<\/div>\n\t\t\t\t<div class=\"elementor-element elementor-element-6cdb3a1 elementor-widget elementor-widget-shortcode\" data-id=\"6cdb3a1\" data-element_type=\"widget\" data-e-type=\"widget\" data-widget_type=\"shortcode.default\">\n\t\t\t\t\t\t\t<div class=\"elementor-shortcode\">\n<div class=\"wpcf7 no-js\" id=\"wpcf7-f11853-o1\" lang=\"es-ES\" dir=\"ltr\" data-wpcf7-id=\"11853\">\n<div class=\"screen-reader-response\"><p role=\"status\" aria-live=\"polite\" aria-atomic=\"true\"><\/p> <ul><\/ul><\/div>\n<form action=\"\/es\/wp-json\/wp\/v2\/pages\/11828#wpcf7-f11853-o1\" method=\"post\" class=\"wpcf7-form init\" aria-label=\"Formulario de contacto\" novalidate=\"novalidate\" data-status=\"init\">\n<fieldset class=\"hidden-fields-container\"><input type=\"hidden\" name=\"_wpcf7\" value=\"11853\" \/><input type=\"hidden\" name=\"_wpcf7_version\" value=\"6.1.5\" \/><input type=\"hidden\" name=\"_wpcf7_locale\" value=\"es_ES\" \/><input type=\"hidden\" name=\"_wpcf7_unit_tag\" value=\"wpcf7-f11853-o1\" \/><input type=\"hidden\" name=\"_wpcf7_container_post\" value=\"0\" \/><input type=\"hidden\" name=\"_wpcf7_posted_data_hash\" value=\"\" \/>\n<\/fieldset>\n<div>\n\t<p style=\"text-align: center; margin-bottom:10px;\"><span class=\"wpcf7-form-control-wrap\" data-name=\"aceptarpolitica\"><span class=\"wpcf7-form-control wpcf7-acceptance\"><span class=\"wpcf7-list-item\"><input type=\"checkbox\" name=\"aceptarpolitica\" value=\"1\" aria-invalid=\"false\" \/><\/span><\/span><\/span>Acepto la <a style=\"text-decoration:underline;\" href=\"\/es\/politica-de-privacidad\/\">Pol\u00edtica de Privacidad<\/a>\n\t<\/p>\n\t<p><a href=\"https:\/\/report.uhy-fay.com\/grupoziacom\"><\/a>\n\t<\/p>\n\t<p style=\"margin-left: 95px; text-align:center;\"><input class=\"wpcf7-form-control wpcf7-submit has-spinner\" type=\"submit\" value=\"Acceso al canal \u00e9tico\" \/>\n\t<\/p>\n<\/div><div class=\"wpcf7-response-output\" aria-hidden=\"true\"><\/div>\n<\/form>\n<\/div>\n<\/div>\n\t\t\t\t\t\t<\/div>\n\t\t\t\t\t<\/div>\n\t\t\t\t<\/div>\n\t\t\t\t<\/div>\n\t\t","protected":false},"excerpt":{"rendered":"<p>Canal \u00e9tico El\u00a0Canal \u00c9tico de Grupo Ziacom\u00a0se encuentra a disposici\u00f3n de\u00a0cualquier persona f\u00edsica o jur\u00eddica\u00a0con la que tiene o prev\u00e9 tener\u00a0relaciones corporativas, institucionales y de negocio, como asociados, \u00f3rganos de gobierno y representaci\u00f3n, \u00f3rganos de asesoramiento, directivos, empleados, proveedores, prestadores de servicios externalizados, colaboradores y\/o consultores. [&#8230;]<\/p>\n<p><a class=\"btn btn-secondary understrap-read-more-link\" href=\"https:\/\/ubgen.com\/es\/canal-etico\/\">Leer m\u00e1s&#8230;<span class=\"screen-reader-text\"> from Canal \u00e9tico<\/span><\/a><\/p>\n","protected":false},"author":7,"featured_media":0,"parent":0,"menu_order":0,"comment_status":"closed","ping_status":"closed","template":"","meta":{"_acf_changed":false,"footnotes":""},"class_list":["post-11828","page","type-page","status-publish","hentry"],"acf":[],"yoast_head":"<!-- This site is optimized with the Yoast SEO plugin v27.3 - https:\/\/yoast.com\/product\/yoast-seo-wordpress\/ -->\n<title>Canal \u00e9tico - Ziacom - Ubgen<\/title>\n<meta name=\"robots\" content=\"noindex, follow, max-snippet:-1, max-image-preview:large, max-video-preview:-1\" \/>\n<meta property=\"og:locale\" content=\"es_ES\" \/>\n<meta property=\"og:type\" content=\"article\" \/>\n<meta property=\"og:title\" content=\"Canal \u00e9tico - Ziacom - Ubgen\" \/>\n<meta property=\"og:description\" content=\"Canal \u00e9tico El\u00a0Canal \u00c9tico de Grupo Ziacom\u00a0se encuentra a disposici\u00f3n de\u00a0cualquier persona f\u00edsica o jur\u00eddica\u00a0con la que tiene o prev\u00e9 tener\u00a0relaciones corporativas, institucionales y de negocio, como asociados, \u00f3rganos de gobierno y representaci\u00f3n, \u00f3rganos de asesoramiento, directivos, empleados, proveedores, prestadores de servicios externalizados, colaboradores y\/o consultores. [...]Leer m\u00e1s... from Canal \u00e9tico\" \/>\n<meta property=\"og:url\" content=\"https:\/\/ubgen.com\/es\/canal-etico\/\" \/>\n<meta property=\"og:site_name\" content=\"Ziacom - Ubgen\" \/>\n<meta property=\"article:publisher\" content=\"https:\/\/www.facebook.com\/Ubgen\" \/>\n<meta property=\"article:modified_time\" content=\"2025-11-25T08:56:54+00:00\" \/>\n<meta name=\"twitter:card\" content=\"summary_large_image\" \/>\n<meta name=\"twitter:label1\" content=\"Tiempo de lectura\" \/>\n\t<meta name=\"twitter:data1\" content=\"1 minuto\" \/>\n<script type=\"application\/ld+json\" class=\"yoast-schema-graph\">{\"@context\":\"https:\\\/\\\/schema.org\",\"@graph\":[{\"@type\":\"WebPage\",\"@id\":\"https:\\\/\\\/ubgen.com\\\/es\\\/canal-etico\\\/\",\"url\":\"https:\\\/\\\/ubgen.com\\\/es\\\/canal-etico\\\/\",\"name\":\"Canal \u00e9tico - Ziacom - Ubgen\",\"isPartOf\":{\"@id\":\"https:\\\/\\\/ubgen.com\\\/es\\\/#website\"},\"datePublished\":\"2025-11-24T12:53:59+00:00\",\"dateModified\":\"2025-11-25T08:56:54+00:00\",\"breadcrumb\":{\"@id\":\"https:\\\/\\\/ubgen.com\\\/es\\\/canal-etico\\\/#breadcrumb\"},\"inLanguage\":\"es\",\"potentialAction\":[{\"@type\":\"ReadAction\",\"target\":[\"https:\\\/\\\/ubgen.com\\\/es\\\/canal-etico\\\/\"]}]},{\"@type\":\"BreadcrumbList\",\"@id\":\"https:\\\/\\\/ubgen.com\\\/es\\\/canal-etico\\\/#breadcrumb\",\"itemListElement\":[{\"@type\":\"ListItem\",\"position\":1,\"name\":\"Portada\",\"item\":\"https:\\\/\\\/ubgen.com\\\/es\\\/\"},{\"@type\":\"ListItem\",\"position\":2,\"name\":\"Canal \u00e9tico\"}]},{\"@type\":\"WebSite\",\"@id\":\"https:\\\/\\\/ubgen.com\\\/es\\\/#website\",\"url\":\"https:\\\/\\\/ubgen.com\\\/es\\\/\",\"name\":\"Ziacom - Ubgen\",\"description\":\"\",\"publisher\":{\"@id\":\"https:\\\/\\\/ubgen.com\\\/es\\\/#organization\"},\"potentialAction\":[{\"@type\":\"SearchAction\",\"target\":{\"@type\":\"EntryPoint\",\"urlTemplate\":\"https:\\\/\\\/ubgen.com\\\/es\\\/?s={search_term_string}\"},\"query-input\":{\"@type\":\"PropertyValueSpecification\",\"valueRequired\":true,\"valueName\":\"search_term_string\"}}],\"inLanguage\":\"es\"},{\"@type\":\"Organization\",\"@id\":\"https:\\\/\\\/ubgen.com\\\/es\\\/#organization\",\"name\":\"Ziacom - Ubgen\",\"url\":\"https:\\\/\\\/ubgen.com\\\/es\\\/\",\"logo\":{\"@type\":\"ImageObject\",\"inLanguage\":\"es\",\"@id\":\"https:\\\/\\\/ubgen.com\\\/es\\\/#\\\/schema\\\/logo\\\/image\\\/\",\"url\":\"https:\\\/\\\/ubgen.com\\\/wp-content\\\/uploads\\\/2024\\\/12\\\/Recurso-2@2x.png\",\"contentUrl\":\"https:\\\/\\\/ubgen.com\\\/wp-content\\\/uploads\\\/2024\\\/12\\\/Recurso-2@2x.png\",\"width\":335,\"height\":80,\"caption\":\"Ziacom - Ubgen\"},\"image\":{\"@id\":\"https:\\\/\\\/ubgen.com\\\/es\\\/#\\\/schema\\\/logo\\\/image\\\/\"},\"sameAs\":[\"https:\\\/\\\/www.facebook.com\\\/Ubgen\",\"https:\\\/\\\/www.youtube.com\\\/@ubgen68\",\"https:\\\/\\\/www.linkedin.com\\\/company\\\/ubgen\\\/\",\"https:\\\/\\\/www.instagram.com\\\/_ubgen_biomaterials_\\\/\"]}]}<\/script>\n<!-- \/ Yoast SEO plugin. -->","yoast_head_json":{"title":"Canal \u00e9tico - Ziacom - Ubgen","robots":{"index":"noindex","follow":"follow","max-snippet":"max-snippet:-1","max-image-preview":"max-image-preview:large","max-video-preview":"max-video-preview:-1"},"og_locale":"es_ES","og_type":"article","og_title":"Canal \u00e9tico - Ziacom - Ubgen","og_description":"Canal \u00e9tico El\u00a0Canal \u00c9tico de Grupo Ziacom\u00a0se encuentra a disposici\u00f3n de\u00a0cualquier persona f\u00edsica o jur\u00eddica\u00a0con la que tiene o prev\u00e9 tener\u00a0relaciones corporativas, institucionales y de negocio, como asociados, \u00f3rganos de gobierno y representaci\u00f3n, \u00f3rganos de asesoramiento, directivos, empleados, proveedores, prestadores de servicios externalizados, colaboradores y\/o consultores. [...]Leer m\u00e1s... from Canal \u00e9tico","og_url":"https:\/\/ubgen.com\/es\/canal-etico\/","og_site_name":"Ziacom - Ubgen","article_publisher":"https:\/\/www.facebook.com\/Ubgen","article_modified_time":"2025-11-25T08:56:54+00:00","twitter_card":"summary_large_image","twitter_misc":{"Tiempo de lectura":"1 minuto"},"schema":{"@context":"https:\/\/schema.org","@graph":[{"@type":"WebPage","@id":"https:\/\/ubgen.com\/es\/canal-etico\/","url":"https:\/\/ubgen.com\/es\/canal-etico\/","name":"Canal \u00e9tico - Ziacom - Ubgen","isPartOf":{"@id":"https:\/\/ubgen.com\/es\/#website"},"datePublished":"2025-11-24T12:53:59+00:00","dateModified":"2025-11-25T08:56:54+00:00","breadcrumb":{"@id":"https:\/\/ubgen.com\/es\/canal-etico\/#breadcrumb"},"inLanguage":"es","potentialAction":[{"@type":"ReadAction","target":["https:\/\/ubgen.com\/es\/canal-etico\/"]}]},{"@type":"BreadcrumbList","@id":"https:\/\/ubgen.com\/es\/canal-etico\/#breadcrumb","itemListElement":[{"@type":"ListItem","position":1,"name":"Portada","item":"https:\/\/ubgen.com\/es\/"},{"@type":"ListItem","position":2,"name":"Canal \u00e9tico"}]},{"@type":"WebSite","@id":"https:\/\/ubgen.com\/es\/#website","url":"https:\/\/ubgen.com\/es\/","name":"Ziacom - Ubgen","description":"","publisher":{"@id":"https:\/\/ubgen.com\/es\/#organization"},"potentialAction":[{"@type":"SearchAction","target":{"@type":"EntryPoint","urlTemplate":"https:\/\/ubgen.com\/es\/?s={search_term_string}"},"query-input":{"@type":"PropertyValueSpecification","valueRequired":true,"valueName":"search_term_string"}}],"inLanguage":"es"},{"@type":"Organization","@id":"https:\/\/ubgen.com\/es\/#organization","name":"Ziacom - Ubgen","url":"https:\/\/ubgen.com\/es\/","logo":{"@type":"ImageObject","inLanguage":"es","@id":"https:\/\/ubgen.com\/es\/#\/schema\/logo\/image\/","url":"https:\/\/ubgen.com\/wp-content\/uploads\/2024\/12\/Recurso-2@2x.png","contentUrl":"https:\/\/ubgen.com\/wp-content\/uploads\/2024\/12\/Recurso-2@2x.png","width":335,"height":80,"caption":"Ziacom - Ubgen"},"image":{"@id":"https:\/\/ubgen.com\/es\/#\/schema\/logo\/image\/"},"sameAs":["https:\/\/www.facebook.com\/Ubgen","https:\/\/www.youtube.com\/@ubgen68","https:\/\/www.linkedin.com\/company\/ubgen\/","https:\/\/www.instagram.com\/_ubgen_biomaterials_\/"]}]}},"_links":{"self":[{"href":"https:\/\/ubgen.com\/es\/wp-json\/wp\/v2\/pages\/11828","targetHints":{"allow":["GET"]}}],"collection":[{"href":"https:\/\/ubgen.com\/es\/wp-json\/wp\/v2\/pages"}],"about":[{"href":"https:\/\/ubgen.com\/es\/wp-json\/wp\/v2\/types\/page"}],"author":[{"embeddable":true,"href":"https:\/\/ubgen.com\/es\/wp-json\/wp\/v2\/users\/7"}],"replies":[{"embeddable":true,"href":"https:\/\/ubgen.com\/es\/wp-json\/wp\/v2\/comments?post=11828"}],"version-history":[{"count":14,"href":"https:\/\/ubgen.com\/es\/wp-json\/wp\/v2\/pages\/11828\/revisions"}],"predecessor-version":[{"id":11890,"href":"https:\/\/ubgen.com\/es\/wp-json\/wp\/v2\/pages\/11828\/revisions\/11890"}],"wp:attachment":[{"href":"https:\/\/ubgen.com\/es\/wp-json\/wp\/v2\/media?parent=11828"}],"curies":[{"name":"wp","href":"https:\/\/api.w.org\/{rel}","templated":true}]}}