{"id":6667,"date":"2024-12-31T12:36:33","date_gmt":"2024-12-31T11:36:33","guid":{"rendered":"https:\/\/test.ubgen.com\/libreria\/"},"modified":"2025-09-19T11:16:08","modified_gmt":"2025-09-19T09:16:08","slug":"libreria","status":"publish","type":"page","link":"https:\/\/ubgen.com\/es\/libreria\/","title":{"rendered":"Librer\u00eda"},"content":{"rendered":"\t\t<div data-elementor-type=\"wp-page\" data-elementor-id=\"6667\" class=\"elementor elementor-6667 elementor-1626\" data-elementor-post-type=\"page\">\n\t\t\t\t<div class=\"elementor-element elementor-element-6eaa883c e-con-full e-flex e-con e-parent\" data-id=\"6eaa883c\" data-element_type=\"container\" data-e-type=\"container\" id=\"hero-products\" data-settings=\"{&quot;background_background&quot;:&quot;classic&quot;}\">\n\t\t<div class=\"elementor-element elementor-element-647c7d06 e-con-full container hero-products-container e-flex e-con e-child\" data-id=\"647c7d06\" data-element_type=\"container\" data-e-type=\"container\">\n\t\t\t\t<div class=\"elementor-element elementor-element-2d34c688 hero-products-text elementor-widget elementor-widget-text-editor\" data-id=\"2d34c688\" data-element_type=\"widget\" data-e-type=\"widget\" data-widget_type=\"text-editor.default\">\n\t\t\t\t\t\t\t\t\t<p>LIBRER\u00cdA<br \/><span style=\"color: #e95296;\"><strong>DESCARGAR<\/strong><\/span><\/p>\t\t\t\t\t\t\t\t<\/div>\n\t\t\t\t<\/div>\n\t\t\t\t<\/div>\n\t\t<div class=\"elementor-element elementor-element-cf6ea39 e-con-full e-flex e-con e-parent\" data-id=\"cf6ea39\" data-element_type=\"container\" data-e-type=\"container\">\n\t\t\t\t<div class=\"elementor-element elementor-element-f2e11fd elementor-widget__width-initial e-n-tabs-mobile elementor-widget elementor-widget-n-tabs\" data-id=\"f2e11fd\" data-element_type=\"widget\" data-e-type=\"widget\" data-settings=\"{&quot;tabs_justify_horizontal&quot;:&quot;center&quot;,&quot;horizontal_scroll&quot;:&quot;disable&quot;}\" data-widget_type=\"nested-tabs.default\">\n\t\t\t\t\t\t\t<div class=\"e-n-tabs\" data-widget-number=\"254677501\" aria-label=\"Pesta\u00f1as. Abre elementos con Intro o Espacio, ci\u00e9rralos con Escape y navega con las fechas.\">\n\t\t\t<div class=\"e-n-tabs-heading\" role=\"tablist\">\n\t\t\t\t\t<button id=\"e-n-tab-title-2546775011\" data-tab-title-id=\"e-n-tab-title-2546775011\" class=\"e-n-tab-title\" aria-selected=\"true\" data-tab-index=\"1\" role=\"tab\" tabindex=\"0\" aria-controls=\"e-n-tab-content-2546775011\" style=\"--n-tabs-title-order: 1;\">\n\t\t\t\t\t\t<span class=\"e-n-tab-title-text\">\n\t\t\t\tCat\u00e1logos\t\t\t<\/span>\n\t\t<\/button>\n\t\t\t\t<button id=\"e-n-tab-title-2546775012\" data-tab-title-id=\"e-n-tab-title-2546775012\" class=\"e-n-tab-title\" aria-selected=\"false\" data-tab-index=\"2\" role=\"tab\" tabindex=\"-1\" aria-controls=\"e-n-tab-content-2546775012\" style=\"--n-tabs-title-order: 2;\">\n\t\t\t\t\t\t<span class=\"e-n-tab-title-text\">\n\t\t\t\tIFU\t\t\t<\/span>\n\t\t<\/button>\n\t\t\t\t<button id=\"e-n-tab-title-2546775013\" data-tab-title-id=\"e-n-tab-title-2546775013\" class=\"e-n-tab-title\" aria-selected=\"false\" data-tab-index=\"3\" role=\"tab\" tabindex=\"-1\" aria-controls=\"e-n-tab-content-2546775013\" style=\"--n-tabs-title-order: 3;\">\n\t\t\t\t\t\t<span class=\"e-n-tab-title-text\">\n\t\t\t\tBibliograf\u00eda\t\t\t<\/span>\n\t\t<\/button>\n\t\t\t\t<button id=\"e-n-tab-title-2546775014\" data-tab-title-id=\"e-n-tab-title-2546775014\" class=\"e-n-tab-title\" aria-selected=\"false\" data-tab-index=\"4\" role=\"tab\" tabindex=\"-1\" aria-controls=\"e-n-tab-content-2546775014\" style=\"--n-tabs-title-order: 4;\">\n\t\t\t\t\t\t<span class=\"e-n-tab-title-text\">\n\t\t\t\tManuales de productos\t\t\t<\/span>\n\t\t<\/button>\n\t\t\t\t\t<\/div>\n\t\t\t<div class=\"e-n-tabs-content\">\n\t\t\t\t<div id=\"e-n-tab-content-2546775011\" role=\"tabpanel\" aria-labelledby=\"e-n-tab-title-2546775011\" data-tab-index=\"1\" style=\"--n-tabs-title-order: 1;\" class=\"e-active elementor-element elementor-element-ffdb231 e-con-full e-flex e-con e-child\" data-id=\"ffdb231\" data-element_type=\"container\" data-e-type=\"container\">\n\t\t<div class=\"elementor-element elementor-element-b775197 e-flex e-con-boxed e-con e-child\" data-id=\"b775197\" data-element_type=\"container\" data-e-type=\"container\">\n\t\t\t\t\t<div class=\"e-con-inner\">\n\t\t\t\t<div class=\"elementor-element elementor-element-0a2fb68 elementor-widget elementor-widget-text-editor\" data-id=\"0a2fb68\" data-element_type=\"widget\" data-e-type=\"widget\" data-widget_type=\"text-editor.default\">\n\t\t\t\t\t\t\t\t\t<p>Cat\u00e1logos UBGEN\u00ae<\/p>\t\t\t\t\t\t\t\t<\/div>\n\t\t\t\t\t<\/div>\n\t\t\t\t<\/div>\n\t\t<div class=\"elementor-element elementor-element-72189b9 e-con-full e-flex e-con e-child\" data-id=\"72189b9\" data-element_type=\"container\" data-e-type=\"container\">\n\t\t\t\t<div class=\"elementor-element elementor-element-f1c0071 elementor-widget elementor-widget-text-editor\" data-id=\"f1c0071\" data-element_type=\"widget\" data-e-type=\"widget\" data-widget_type=\"text-editor.default\">\n\t\t\t\t\t\t\t\t\t<p>CAT\u00c1LOGO DE PRODUCTOS (<a href=\"https:\/\/ubgen.com\/wp-content\/uploads\/2025\/08\/UBG_Catalogue_ES_200x245_Rev.2025.04.pdf\">Ver PDF<\/a>)<\/p><p>RE-BONE\u00ae (<a href=\"https:\/\/ubgen.com\/wp-content\/uploads\/2025\/08\/UBG_Leaflet_REBONE_ES_200x245_Rev.2024.07.pdf\">Ver PDF<\/a>)<\/p><p>SHELTER\u00ae (<a href=\"https:\/\/ubgen.com\/wp-content\/uploads\/2025\/08\/UBG_Leaflet_SHELTER_ES_200x245_Rev.2024.07.pdf\">Ver PDF<\/a>)<\/p><p>ACTI-BONE\u00ae (<a href=\"https:\/\/ubgen.com\/wp-content\/uploads\/2025\/08\/UBG_Leaflet_ACTIBONE_ES_200x245_Rev.2024.10.pdf\">Ver PDF<\/a>)<\/p>\t\t\t\t\t\t\t\t<\/div>\n\t\t\t\t<\/div>\n\t\t<div class=\"elementor-element elementor-element-9510362 e-con-full e-flex e-con e-child\" data-id=\"9510362\" data-element_type=\"container\" data-e-type=\"container\">\n\t\t\t\t<div class=\"elementor-element elementor-element-889950d elementor-widget elementor-widget-text-editor\" data-id=\"889950d\" data-element_type=\"widget\" data-e-type=\"widget\" data-widget_type=\"text-editor.default\">\n\t\t\t\t\t\t\t\t\t<p>COMPANY PROFILE (<a href=\"https:\/\/ubgen.com\/wp-content\/uploads\/2025\/08\/UBG_Company_Profile_ES_200x245_Rev.2025.04.pdf\">Ver PDF<\/a>)<\/p><p>TEAM UP WORLDWIDE (<a href=\"https:\/\/ubgen.com\/wp-content\/uploads\/2025\/08\/UBG_Team_Up_ES_Rev.2025.08.pdf\">Ver PDF<\/a>)<\/p>\t\t\t\t\t\t\t\t<\/div>\n\t\t\t\t<\/div>\n\t\t\t\t<\/div>\n\t\t<div id=\"e-n-tab-content-2546775012\" role=\"tabpanel\" aria-labelledby=\"e-n-tab-title-2546775012\" data-tab-index=\"2\" style=\"--n-tabs-title-order: 2;\" class=\" elementor-element elementor-element-5f0040d e-con-full e-flex e-con e-child\" data-id=\"5f0040d\" data-element_type=\"container\" data-e-type=\"container\">\n\t\t<div class=\"elementor-element elementor-element-ff4a281 e-con-full e-flex e-con e-child\" data-id=\"ff4a281\" data-element_type=\"container\" data-e-type=\"container\">\n\t\t\t\t<div class=\"elementor-element elementor-element-26f01ff elementor-widget elementor-widget-text-editor\" data-id=\"26f01ff\" data-element_type=\"widget\" data-e-type=\"widget\" data-widget_type=\"text-editor.default\">\n\t\t\t\t\t\t\t\t\t<p>IFU RE-BONE\u00ae<\/p>\t\t\t\t\t\t\t\t<\/div>\n\t\t\t\t<div class=\"elementor-element elementor-element-636da77 elementor-widget elementor-widget-text-editor\" data-id=\"636da77\" data-element_type=\"widget\" data-e-type=\"widget\" data-widget_type=\"text-editor.default\">\n\t\t\t\t\t\t\t\t\t<p>\u00c1rabe (<a href=\"https:\/\/ubgen.com\/wp-content\/uploads\/2025\/08\/UBG_eIFU_REBONE_AR_Rev.04_2022.07.pdf\">Ver PDF<\/a>)<\/p><p>B\u00falgaro (<a href=\"https:\/\/ubgen.com\/wp-content\/uploads\/2025\/08\/UBG_eIFU_REBONE_BG_Rev.04_2022.07.pdf\">Ver PDF<\/a>)<\/p><p>Checo (<a href=\"https:\/\/ubgen.com\/wp-content\/uploads\/2025\/08\/UBG_eIFU_REBONE_CZ_Rev.04_2022.07.pdf\">Ver PDF<\/a>)<\/p><p>Dan\u00e9s (<a href=\"https:\/\/ubgen.com\/wp-content\/uploads\/2025\/08\/UBG_eIFU_REBONE_DA_Rev.04_2022.07.pdf\">Ver PDF<\/a>)<\/p><p>Alem\u00e1n (<a href=\"https:\/\/ubgen.com\/wp-content\/uploads\/2025\/08\/UBG_eIFU_REBONE_DE_Rev.04_2022.07.pdf\">Ver PDF<\/a>)<\/p><p>Estonio (<a href=\"https:\/\/ubgen.com\/wp-content\/uploads\/2025\/08\/UBG_eIFU_REBONE_EE_Rev.04_2022.07.pdf\">Ver PDF<\/a>)<\/p><p>Griego (<a href=\"https:\/\/ubgen.com\/wp-content\/uploads\/2025\/08\/UBG_eIFU_REBONE_EL_Rev.04_2022.07.pdf\">Ver PDF<\/a>)<\/p><p>Ingl\u00e9s (<a href=\"https:\/\/ubgen.com\/wp-content\/uploads\/2025\/08\/UBG_eIFU_REBONE_EN_Rev.04_2022.07.pdf\">Ver PDF<\/a>)<\/p><p>Espa\u00f1ol (<a href=\"https:\/\/ubgen.com\/wp-content\/uploads\/2025\/08\/UBG_eIFU_REBONE_ES_Rev.04_2022.07.pdf\">Ver PDF<\/a>)<\/p><p>Finland\u00e9s (<a href=\"https:\/\/ubgen.com\/wp-content\/uploads\/2025\/08\/UBG_eIFU_REBONE_FI_Rev.04_2022.07.pdf\">Ver PDF<\/a>)<\/p><p>Franc\u00e9s (<a href=\"https:\/\/ubgen.com\/wp-content\/uploads\/2025\/08\/UBG_eIFU_REBONE_FR_Rev.04_2022.07.pdf\">Ver PDF<\/a>)<\/p><p>Irland\u00e9s (<a href=\"https:\/\/ubgen.com\/wp-content\/uploads\/2025\/08\/UBG_eIFU_REBONE_GA_Rev.04_2022.07.pdf\">Ver PDF<\/a>)<\/p><p>Hebreo (<a href=\"https:\/\/ubgen.com\/wp-content\/uploads\/2025\/08\/UBG_eIFU_REBONE_HE_Rev.04_2022.07.pdf\">Ver PDF<\/a>)<\/p><p>Croata (<a href=\"https:\/\/ubgen.com\/wp-content\/uploads\/2025\/08\/UBG_eIFU_REBONE_HR_Rev.04_2022.07.pdf\">Ver PDF<\/a>)<\/p><p>H\u00fangaro (<a href=\"https:\/\/ubgen.com\/wp-content\/uploads\/2025\/08\/UBG_eIFU_REBONE_HU_Rev.04_2022.07.pdf\">Ver PDF<\/a>)<\/p><p>Italiano (<a href=\"https:\/\/ubgen.com\/wp-content\/uploads\/2025\/08\/UBG_eIFU_REBONE_IT_Rev.04_2022.07.pdf\">Ver PDF<\/a>)<\/p><p>Lituano (<a href=\"https:\/\/ubgen.com\/wp-content\/uploads\/2025\/08\/UBG_eIFU_REBONE_LT_Rev.04_2022.07.pdf\">Ver PDF<\/a>)<\/p><p>Let\u00f3n (<a href=\"https:\/\/ubgen.com\/wp-content\/uploads\/2025\/08\/UBG_eIFU_REBONE_LV_Rev.04_2022.07.pdf\">Ver PDF<\/a>)<\/p><p>Malt\u00e9s (<a href=\"https:\/\/ubgen.com\/wp-content\/uploads\/2025\/08\/UBG_eIFU_REBONE_MT_Rev.04_2022.07.pdf\">Ver PDF<\/a>)<\/p><p>Neerland\u00e9s (<a href=\"https:\/\/ubgen.com\/wp-content\/uploads\/2025\/08\/UBG_eIFU_REBONE_NL_Rev.04_2022.07.pdf\">Ver PDF<\/a>)<\/p><p>Polaco (<a href=\"https:\/\/ubgen.com\/wp-content\/uploads\/2025\/08\/UBG_eIFU_REBONE_PL_Rev.04_2022.07.pdf\">Ver PDF<\/a>)<\/p><p>Portugu\u00e9s (<a href=\"https:\/\/ubgen.com\/wp-content\/uploads\/2025\/08\/UBG_eIFU_REBONE_PT_Rev.04_2022.07.pdf\">Ver PDF<\/a>)<\/p><p>Rumano (<a href=\"https:\/\/ubgen.com\/wp-content\/uploads\/2025\/08\/UBG_eIFU_REBONE_RO_Rev.04_2022.07.pdf\">Ver PDF<\/a>)<\/p><p>Sueco (<a href=\"https:\/\/ubgen.com\/wp-content\/uploads\/2025\/08\/UBG_eIFU_REBONE_SE_Rev.04_2022.07.pdf\">Ver PDF<\/a>)<\/p><p>Eslovaco (<a href=\"https:\/\/ubgen.com\/wp-content\/uploads\/2025\/08\/UBG_eIFU_REBONE_SK_Rev.04_2022.07.pdf\">Ver PDF<\/a>)<\/p><p>Esloveno (<a href=\"https:\/\/ubgen.com\/wp-content\/uploads\/2025\/08\/UBG_eIFU_REBONE_SL_Rev.04_2022.07.pdf\">Ver PDF<\/a>)<\/p><p>Ucraniano (<a href=\"https:\/\/ubgen.com\/wp-content\/uploads\/2025\/08\/UBG_eIFU_REBONE_UA_Rev.04_2022.07.pdf\">Ver PDF<\/a>)<\/p><p>Ruso (<a href=\"https:\/\/ubgen.com\/wp-content\/uploads\/2025\/08\/UBG_eIFU_REBONE_RU_Rev.01_2015.02.pdf\">Ver PDF<\/a>)<\/p>\t\t\t\t\t\t\t\t<\/div>\n\t\t\t\t<div class=\"elementor-element elementor-element-ec093f5 elementor-widget elementor-widget-text-editor\" data-id=\"ec093f5\" data-element_type=\"widget\" data-e-type=\"widget\" data-widget_type=\"text-editor.default\">\n\t\t\t\t\t\t\t\t\t<p>IFU ACTIBONE\u00ae<\/p>\t\t\t\t\t\t\t\t<\/div>\n\t\t\t\t<div class=\"elementor-element elementor-element-f3070af elementor-widget elementor-widget-text-editor\" data-id=\"f3070af\" data-element_type=\"widget\" data-e-type=\"widget\" data-widget_type=\"text-editor.default\">\n\t\t\t\t\t\t\t\t\t<p>Italiano e Ingl\u00e9s (<a href=\"https:\/\/ubgen.com\/wp-content\/uploads\/2025\/08\/UBG_IFU_ACTIBONE_ITEN_Rev.00_2023.02_24X17.pdf\">Ver PDF<\/a>)<\/p><p>B\u00falgaro (<a href=\"https:\/\/ubgen.com\/wp-content\/uploads\/2025\/08\/UBG_IFU_ACTIBONE_BG_Rev.00_2023.02_27X17.pdf\">Ver PDF<\/a>)<\/p><p>Griego (<a href=\"https:\/\/ubgen.com\/wp-content\/uploads\/2025\/08\/UBG_IFU_ACTIBONE_EL_Rev.00_2023.02_27X17.pdf\">Ver PDF<\/a>)<\/p><p>Franc\u00e9s (<a href=\"https:\/\/ubgen.com\/wp-content\/uploads\/2025\/08\/UBG_IFU_ACTIBONE_FR_Rev.00_2023.02_27X17.pdf\">Ver PDF<\/a>)<\/p><p>Checo (<a href=\"https:\/\/ubgen.com\/wp-content\/uploads\/2025\/09\/UBG_IFU_ACTIBONE_CZ_Rev.00_2023.02_24X17.pdf\">Ver PDF<\/a>)<\/p>\t\t\t\t\t\t\t\t<\/div>\n\t\t\t\t<\/div>\n\t\t<div class=\"elementor-element elementor-element-89c6fdd e-con-full e-flex e-con e-child\" data-id=\"89c6fdd\" data-element_type=\"container\" data-e-type=\"container\">\n\t\t\t\t<div class=\"elementor-element elementor-element-e0893bf elementor-widget elementor-widget-text-editor\" data-id=\"e0893bf\" data-element_type=\"widget\" data-e-type=\"widget\" data-widget_type=\"text-editor.default\">\n\t\t\t\t\t\t\t\t\t<p>IFU SHELTER\u00ae<\/p>\t\t\t\t\t\t\t\t<\/div>\n\t\t\t\t<div class=\"elementor-element elementor-element-a4a1779 elementor-widget elementor-widget-text-editor\" data-id=\"a4a1779\" data-element_type=\"widget\" data-e-type=\"widget\" data-widget_type=\"text-editor.default\">\n\t\t\t\t\t\t\t\t\t<p>\u00c1rabe (<a href=\"https:\/\/ubgen.com\/wp-content\/uploads\/2025\/08\/UBG_eIFU_SHELTER_AR_Rev.06_2023.01.pdf\">Ver PDF<\/a>)<\/p><p>B\u00falgaro (<a href=\"https:\/\/ubgen.com\/wp-content\/uploads\/2025\/08\/UBG_eIFU_SHELTER_BG_Rev.06_2023.01.pdf\">Ver PDF<\/a>)<\/p><p>Checo (<a href=\"https:\/\/ubgen.com\/wp-content\/uploads\/2025\/08\/UBG_eIFU_SHELTER_CZ_Rev.06_2023.01.pdf\">Ver PDF<\/a>)<\/p><p>Dan\u00e9s (<a href=\"https:\/\/ubgen.com\/wp-content\/uploads\/2025\/08\/UBG_eIFU_SHELTER_DA_Rev.06_2023.01.pdf\">Ver PDF<\/a>)<\/p><p>Alem\u00e1n (<a href=\"https:\/\/ubgen.com\/wp-content\/uploads\/2025\/08\/UBG_eIFU_SHELTER_DE_Rev.06_2023.01.pdf\">Ver PDF<\/a>)<\/p><p>Estonio (<a href=\"https:\/\/ubgen.com\/wp-content\/uploads\/2025\/08\/UBG_eIFU_SHELTER_EE_Rev.06_2023.01.pdf\">Ver PDF<\/a>)<\/p><p>Griego (<a href=\"https:\/\/ubgen.com\/wp-content\/uploads\/2025\/08\/UBG_eIFU_SHELTER_EL_Rev.06_2023.01.pdf\">Ver PDF<\/a>)<\/p><p>Ingl\u00e9s (<a href=\"https:\/\/ubgen.com\/wp-content\/uploads\/2025\/08\/UBG_eIFU_SHELTER_EN_Rev.06_2023.01.pdf\">Ver PDF<\/a>)<\/p><p>Espa\u00f1ol (<a href=\"https:\/\/ubgen.com\/wp-content\/uploads\/2025\/08\/UBG_eIFU_SHELTER_ES_Rev.06_2023.01.pdf\">Ver PDF<\/a>)<\/p><p>Finland\u00e9s (<a href=\"https:\/\/ubgen.com\/wp-content\/uploads\/2025\/08\/UBG_eIFU_SHELTER_FI_Rev.06_2023.01.pdf\">Ver PDF<\/a>)<\/p><p>Franc\u00e9s (<a href=\"https:\/\/ubgen.com\/wp-content\/uploads\/2025\/08\/UBG_eIFU_SHELTER_FR_Rev.06_2023.01.pdf\">Ver PDF<\/a>)<\/p><p>Irland\u00e9s (<a href=\"https:\/\/ubgen.com\/wp-content\/uploads\/2025\/08\/UBG_eIFU_SHELTER_GA_Rev.06_2023.01.pdf\">Ver PDF<\/a>)<\/p><p>Hebreo (<a href=\"https:\/\/ubgen.com\/wp-content\/uploads\/2025\/08\/UBG_eIFU_SHELTER_HE_Rev.06_2023.01.pdf\">Ver PDF<\/a>)<\/p><p>Croata (<a href=\"https:\/\/ubgen.com\/wp-content\/uploads\/2025\/08\/UBG_eIFU_SHELTER_HR_Rev.06_2023.01.pdf\">Ver PDF<\/a>)<\/p><p>H\u00fangaro (<a href=\"https:\/\/ubgen.com\/wp-content\/uploads\/2025\/08\/UBG_eIFU_SHELTER_HU_Rev.06_2023.01.pdf\">Ver PDF<\/a>)<\/p><p>Italiano (<a href=\"https:\/\/ubgen.com\/wp-content\/uploads\/2025\/08\/UBG_eIFU_SHELTER_IT_Rev.06_2023.01.pdf\">Ver PDF<\/a>)<\/p><p>Lituano (<a href=\"https:\/\/ubgen.com\/wp-content\/uploads\/2025\/08\/UBG_eIFU_SHELTER_LT_Rev.06_2023.01.pdf\">Ver PDF<\/a>)<\/p><p>Let\u00f3n (<a href=\"https:\/\/ubgen.com\/wp-content\/uploads\/2025\/08\/UBG_eIFU_SHELTER_LV_Rev.06_2023.01.pdf\">Ver PDF<\/a>)<\/p><p>Malt\u00e9s (<a href=\"https:\/\/ubgen.com\/wp-content\/uploads\/2025\/08\/UBG_eIFU_SHELTER_MT_Rev.06_2023.01.pdf\">Ver PDF<\/a>)<\/p><p>Neerland\u00e9s (<a href=\"https:\/\/ubgen.com\/wp-content\/uploads\/2025\/08\/UBG_eIFU_SHELTER_NL_Rev.06_2023.01.pdf\">Ver PDF<\/a>)<\/p><p>Polaco (<a href=\"https:\/\/ubgen.com\/wp-content\/uploads\/2025\/08\/UBG_eIFU_SHELTER_PL_Rev.06_2023.01.pdf\">Ver PDF<\/a>)<\/p><p>Portugu\u00e9s (<a href=\"https:\/\/ubgen.com\/wp-content\/uploads\/2025\/08\/UBG_eIFU_SHELTER_PT_Rev.06_2023.01.pdf\">Ver PDF<\/a>)<\/p><p>Rumano (<a href=\"https:\/\/ubgen.com\/wp-content\/uploads\/2025\/08\/UBG_eIFU_SHELTER_RO_Rev.06_2023.01.pdf\">Ver PDF<\/a>)<\/p><p>Sueco (<a href=\"https:\/\/ubgen.com\/wp-content\/uploads\/2025\/08\/UBG_eIFU_SHELTER_SE_Rev.06_2023.01.pdf\">Ver PDF<\/a>)<\/p><p>Eslovaco (<a href=\"https:\/\/ubgen.com\/wp-content\/uploads\/2025\/08\/UBG_eIFU_SHELTER_SK_Rev.06_2023.01.pdf\">Ver PDF<\/a>)<\/p><p>Esloveno (<a href=\"https:\/\/ubgen.com\/wp-content\/uploads\/2025\/08\/UBG_eIFU_SHELTER_SL_Rev.06_2023.01.pdf\">Ver PDF<\/a>)<\/p><p>Ucraniano (<a href=\"https:\/\/ubgen.com\/wp-content\/uploads\/2025\/08\/UBG_eIFU_SHELTER_UA_Rev.06_2024.01.pdf\">Ver PDF<\/a>)<\/p><p>Ruso (<a href=\"https:\/\/ubgen.com\/wp-content\/uploads\/2025\/08\/UBG_eIFU_SHELTER_RU_Rev.06_2023.05.pdf\">Ver PDF<\/a>)<\/p>\t\t\t\t\t\t\t\t<\/div>\n\t\t\t\t<\/div>\n\t\t\t\t<\/div>\n\t\t<div id=\"e-n-tab-content-2546775013\" role=\"tabpanel\" aria-labelledby=\"e-n-tab-title-2546775013\" data-tab-index=\"3\" style=\"--n-tabs-title-order: 3;\" class=\" elementor-element elementor-element-944e346 e-con-full e-flex e-con e-child\" data-id=\"944e346\" data-element_type=\"container\" data-e-type=\"container\">\n\t\t<div class=\"elementor-element elementor-element-c47ce30 e-flex e-con-boxed e-con e-child\" data-id=\"c47ce30\" data-element_type=\"container\" data-e-type=\"container\">\n\t\t\t\t\t<div class=\"e-con-inner\">\n\t\t\t\t<div class=\"elementor-element elementor-element-0dc1ecb elementor-widget elementor-widget-text-editor\" data-id=\"0dc1ecb\" data-element_type=\"widget\" data-e-type=\"widget\" data-widget_type=\"text-editor.default\">\n\t\t\t\t\t\t\t\t\t<p>Bibliograf\u00eda UBGEN\u00ae<\/p>\t\t\t\t\t\t\t\t<\/div>\n\t\t\t\t\t<\/div>\n\t\t\t\t<\/div>\n\t\t<div class=\"elementor-element elementor-element-ae1ceac e-con-full e-flex e-con e-child\" data-id=\"ae1ceac\" data-element_type=\"container\" data-e-type=\"container\">\n\t\t\t\t<div class=\"elementor-element elementor-element-c937b4d elementor-widget elementor-widget-text-editor\" data-id=\"c937b4d\" data-element_type=\"widget\" data-e-type=\"widget\" data-widget_type=\"text-editor.default\">\n\t\t\t\t\t\t\t\t\t<p>UBGEN\u00ae BIBLIOLIST (<a href=\"https:\/\/ubgen.com\/wp-content\/uploads\/2025\/08\/UBG_Bibliolist_Rev.2025.01.pdf\">Ver PDF<\/a>)<\/p>\t\t\t\t\t\t\t\t<\/div>\n\t\t\t\t<\/div>\n\t\t<div class=\"elementor-element elementor-element-3d7a16b e-con-full e-flex e-con e-child\" data-id=\"3d7a16b\" data-element_type=\"container\" data-e-type=\"container\">\n\t\t\t\t<\/div>\n\t\t\t\t<\/div>\n\t\t<div id=\"e-n-tab-content-2546775014\" role=\"tabpanel\" aria-labelledby=\"e-n-tab-title-2546775014\" data-tab-index=\"4\" style=\"--n-tabs-title-order: 4;\" class=\" elementor-element elementor-element-6f9ddc0 e-con-full e-flex e-con e-child\" data-id=\"6f9ddc0\" data-element_type=\"container\" data-e-type=\"container\">\n\t\t<div class=\"elementor-element elementor-element-12e6bcc e-flex e-con-boxed e-con e-child\" data-id=\"12e6bcc\" data-element_type=\"container\" data-e-type=\"container\">\n\t\t\t\t\t<div class=\"e-con-inner\">\n\t\t\t\t<div class=\"elementor-element elementor-element-40b64e7 elementor-widget elementor-widget-text-editor\" data-id=\"40b64e7\" data-element_type=\"widget\" data-e-type=\"widget\" data-widget_type=\"text-editor.default\">\n\t\t\t\t\t\t\t\t\t<p>Cat\u00e1logos UBGEN\u00ae<\/p>\t\t\t\t\t\t\t\t<\/div>\n\t\t\t\t\t<\/div>\n\t\t\t\t<\/div>\n\t\t<div class=\"elementor-element elementor-element-226644e e-con-full e-flex e-con e-child\" data-id=\"226644e\" data-element_type=\"container\" data-e-type=\"container\">\n\t\t\t\t<div class=\"elementor-element elementor-element-08bb02d elementor-widget elementor-widget-text-editor\" data-id=\"08bb02d\" data-element_type=\"widget\" data-e-type=\"widget\" data-widget_type=\"text-editor.default\">\n\t\t\t\t\t\t\t\t\t<p>OPERATIONAL MANUAL RE-BONE\u00ae (<a href=\"https:\/\/ubgen.com\/wp-content\/uploads\/2025\/08\/UBG_Operational_Manual_REBONE_ES_Rev.2025.08-1.pdf\">Ver PDF<\/a>)<\/p><p>OPERATIONAL MANUAL SHELTER\u00ae (<a href=\"https:\/\/ubgen.com\/wp-content\/uploads\/2025\/08\/UBG_Operational_Manual_SHELTER_ES_Rev.2025.08-1.pdf\">Ver PDF<\/a>)<\/p>\t\t\t\t\t\t\t\t<\/div>\n\t\t\t\t<\/div>\n\t\t<div class=\"elementor-element elementor-element-8f91c34 e-con-full e-flex e-con e-child\" data-id=\"8f91c34\" data-element_type=\"container\" data-e-type=\"container\">\n\t\t\t\t<\/div>\n\t\t\t\t<\/div>\n\t\t\t\t\t<\/div>\n\t\t<\/div>\n\t\t\t\t\t\t<\/div>\n\t\t\t\t<div class=\"elementor-element elementor-element-40584aa elementor-widget elementor-widget-shortcode\" data-id=\"40584aa\" data-element_type=\"widget\" data-e-type=\"widget\" data-widget_type=\"shortcode.default\">\n\t\t\t\t\t\t\t<div class=\"elementor-shortcode\">\n<div role=\"navigation\" aria-label=\"Selector de idioma\" class=\"wpml-ls-statics-shortcode_actions wpml-ls wpml-ls-legacy-dropdown-click js-wpml-ls-legacy-dropdown-click\">\n\t<ul>\n\n\t\t<li class=\"wpml-ls-slot-shortcode_actions wpml-ls-item wpml-ls-item-es wpml-ls-current-language wpml-ls-item-legacy-dropdown-click\">\n\n\t\t\t<a href=\"#\" hreflang=\"\" lang=\"\" class=\"js-wpml-ls-item-toggle wpml-ls-item-toggle\" aria-expanded=\"false\" aria-controls=\"wpml-ls-submenu-click-default\" aria-haspopup=\"true\" aria-label=\"Selector de idioma, haga clic para abrir y luego tab para navegar\" tabindex=\"0\" role=\"button\" title=\"Cambiar a Espa\u00f1ol\">\n\t\t\t\t                                    <img decoding=\"async\"\n            class=\"wpml-ls-flag\"\n            src=\"https:\/\/ubgen.com\/wp-content\/plugins\/sitepress-multilingual-cms\/res\/flags\/es.svg\"\n            alt=\"Espa\u00f1ol\"\n            loading=\"lazy\"\n            width=18\n            height=12\n    \/><\/a>\n\n\t\t\t<ul id=\"wpml-ls-submenu-click-default\" class=\"js-wpml-ls-sub-menu wpml-ls-sub-menu\">\n\t\t\t\t\n\t\t\t\t\t<li class=\"wpml-ls-slot-shortcode_actions wpml-ls-item wpml-ls-item-it wpml-ls-first-item\">\n\t\t\t\t\t\t<a href=\"https:\/\/ubgen.com\/\" hreflang=\"it\" lang=\"it\" class=\"wpml-ls-link\" aria-label=\"Cambiar a Italiano\" title=\"Cambiar a Italiano\">\n\t\t\t\t\t\t\t                                    <img decoding=\"async\"\n            class=\"wpml-ls-flag\"\n            src=\"https:\/\/ubgen.com\/wp-content\/plugins\/sitepress-multilingual-cms\/res\/flags\/it.svg\"\n            alt=\"Italiano\"\n            loading=\"lazy\"\n            width=18\n            height=12\n    \/><\/a>\n\t\t\t\t\t<\/li>\n\n\t\t\t\t\n\t\t\t\t\t<li class=\"wpml-ls-slot-shortcode_actions wpml-ls-item wpml-ls-item-en\">\n\t\t\t\t\t\t<a href=\"https:\/\/ubgen.com\/en\/\" hreflang=\"en\" lang=\"en\" class=\"wpml-ls-link\" aria-label=\"Cambiar a Ingl\u00e9s\" title=\"Cambiar a Ingl\u00e9s\">\n\t\t\t\t\t\t\t                                    <img decoding=\"async\"\n            class=\"wpml-ls-flag\"\n            src=\"https:\/\/ubgen.com\/wp-content\/plugins\/sitepress-multilingual-cms\/res\/flags\/en.svg\"\n            alt=\"Ingl\u00e9s\"\n            loading=\"lazy\"\n            width=18\n            height=12\n    \/><\/a>\n\t\t\t\t\t<\/li>\n\n\t\t\t\t\n\t\t\t\t\t<li class=\"wpml-ls-slot-shortcode_actions wpml-ls-item wpml-ls-item-pt-pt wpml-ls-last-item\">\n\t\t\t\t\t\t<a href=\"https:\/\/ubgen.com\/pt-pt\/\" hreflang=\"pt-pt\" lang=\"pt-pt\" class=\"wpml-ls-link\" aria-label=\"Cambiar a Portugu\u00e9s, Portugal\" title=\"Cambiar a Portugu\u00e9s, Portugal\">\n\t\t\t\t\t\t\t                                    <img decoding=\"async\"\n            class=\"wpml-ls-flag\"\n            src=\"https:\/\/ubgen.com\/wp-content\/plugins\/sitepress-multilingual-cms\/res\/flags\/pt-pt.svg\"\n            alt=\"Portugu\u00e9s, Portugal\"\n            loading=\"lazy\"\n            width=18\n            height=12\n    \/><\/a>\n\t\t\t\t\t<\/li>\n\n\t\t\t\t\t\t\t<\/ul>\n\n\t\t<\/li>\n\n\t<\/ul>\n<\/div>\n<\/div>\n\t\t\t\t\t\t<\/div>\n\t\t\t\t<\/div>\n\t\t\t\t<\/div>\n\t\t","protected":false},"excerpt":{"rendered":"<p>LIBRER\u00cdADESCARGAR Cat\u00e1logos IFU Bibliograf\u00eda Manuales de productos Cat\u00e1logos UBGEN\u00ae CAT\u00c1LOGO DE PRODUCTOS (Ver PDF) RE-BONE\u00ae (Ver PDF) SHELTER\u00ae (Ver PDF) ACTI-BONE\u00ae (Ver PDF) COMPANY PROFILE (Ver PDF) TEAM UP WORLDWIDE (Ver PDF) IFU RE-BONE\u00ae \u00c1rabe (Ver PDF) B\u00falgaro (Ver PDF) Checo (Ver PDF) Dan\u00e9s (Ver PDF) Alem\u00e1n (Ver PDF) Estonio (Ver PDF) Griego (Ver PDF) [&#8230;]<\/p>\n<p><a class=\"btn btn-secondary understrap-read-more-link\" href=\"https:\/\/ubgen.com\/es\/libreria\/\">Leer m\u00e1s&#8230;<span class=\"screen-reader-text\"> from Librer\u00eda<\/span><\/a><\/p>\n","protected":false},"author":7,"featured_media":0,"parent":0,"menu_order":0,"comment_status":"closed","ping_status":"closed","template":"","meta":{"_acf_changed":false,"footnotes":""},"class_list":["post-6667","page","type-page","status-publish","hentry"],"acf":[],"_links":{"self":[{"href":"https:\/\/ubgen.com\/es\/wp-json\/wp\/v2\/pages\/6667","targetHints":{"allow":["GET"]}}],"collection":[{"href":"https:\/\/ubgen.com\/es\/wp-json\/wp\/v2\/pages"}],"about":[{"href":"https:\/\/ubgen.com\/es\/wp-json\/wp\/v2\/types\/page"}],"author":[{"embeddable":true,"href":"https:\/\/ubgen.com\/es\/wp-json\/wp\/v2\/users\/7"}],"replies":[{"embeddable":true,"href":"https:\/\/ubgen.com\/es\/wp-json\/wp\/v2\/comments?post=6667"}],"version-history":[{"count":67,"href":"https:\/\/ubgen.com\/es\/wp-json\/wp\/v2\/pages\/6667\/revisions"}],"predecessor-version":[{"id":11725,"href":"https:\/\/ubgen.com\/es\/wp-json\/wp\/v2\/pages\/6667\/revisions\/11725"}],"wp:attachment":[{"href":"https:\/\/ubgen.com\/es\/wp-json\/wp\/v2\/media?parent=6667"}],"curies":[{"name":"wp","href":"https:\/\/api.w.org\/{rel}","templated":true}]}}