{"id":6885,"date":"2024-12-17T08:35:46","date_gmt":"2024-12-17T07:35:46","guid":{"rendered":"https:\/\/test.ubgen.com\/distribuidores\/"},"modified":"2025-10-16T16:43:42","modified_gmt":"2025-10-16T14:43:42","slug":"distribuidores","status":"publish","type":"page","link":"https:\/\/ubgen.com\/es\/distribuidores\/","title":{"rendered":"Distribuidores"},"content":{"rendered":"\t\t<div data-elementor-type=\"wp-page\" data-elementor-id=\"6885\" class=\"elementor elementor-6885 elementor-50\" data-elementor-post-type=\"page\">\n\t\t\t\t<div class=\"elementor-element elementor-element-60ce643c e-con-full e-flex e-con e-parent\" data-id=\"60ce643c\" data-element_type=\"container\" data-e-type=\"container\" id=\"hero-products\" data-settings=\"{&quot;background_background&quot;:&quot;classic&quot;}\">\n\t\t<div class=\"elementor-element elementor-element-3c62e188 e-con-full container hero-products-container e-flex e-con e-child\" data-id=\"3c62e188\" data-element_type=\"container\" data-e-type=\"container\">\n\t\t\t\t<div class=\"elementor-element elementor-element-3d0b234f hero-products-text elementor-widget elementor-widget-text-editor\" data-id=\"3d0b234f\" data-element_type=\"widget\" data-e-type=\"widget\" data-widget_type=\"text-editor.default\">\n\t\t\t\t\t\t\t\t\t<p>NUESTROS<br \/><span style=\"color: #e95296;\"><strong>DISTRIBUIDORES<\/strong><\/span><\/p>\n\t\t\t\t\t\t\t\t<\/div>\n\t\t\t\t<\/div>\n\t\t\t\t<\/div>\n\t\t<div class=\"elementor-element elementor-element-eadaf43 e-con-full e-flex e-con e-parent\" data-id=\"eadaf43\" data-element_type=\"container\" data-e-type=\"container\" id=\"distributor-locator\">\n\t\t<div class=\"elementor-element elementor-element-b1c1817 e-con-full container distributor-locator-container e-flex e-con e-child\" data-id=\"b1c1817\" data-element_type=\"container\" data-e-type=\"container\">\n\t\t\t\t<div class=\"elementor-element elementor-element-1600182 elementor-widget elementor-widget-shortcode\" data-id=\"1600182\" data-element_type=\"widget\" data-e-type=\"widget\" data-widget_type=\"shortcode.default\">\n\t\t\t\t\t\t\t<div class=\"elementor-shortcode\">\r\n<div class=\"loc-container\">\r\n\r\n    <!-- <p class=\"title\">Indica tu C\u00f3digo Postal para localizar el punto de venta m\u00e1s cercano<\/p> -->\r\n\r\n    <div class=\"loc-container-input\">\r\n        <!--\r\n        <input type=\"number\" placeholder=\"Inserisci Localit\u00e0\" id=\"map-search-input\">\r\n\r\n        <button id=\"map-search-button\">\r\n            <span>            \r\n                <svg xmlns=\"http:\/\/www.w3.org\/2000\/svg\" viewBox=\"0 0 448 512\" width=\"12\" height=\"12\" fill=\"#e95296\">\r\n                    <path d=\"M207 381.5L12.7 187.1c-9.4-9.4-9.4-24.6 0-33.9l22.7-22.7c9.4-9.4 24.5-9.4 33.9 0L224 284.5l154.7-154c9.4-9.3 24.5-9.3 33.9 0l22.7 22.7c9.4 9.4 9.4 24.6 0 33.9L241 381.5c-9.4 9.4-24.6 9.4-33.9 0z\"\/>\r\n                <\/svg>\r\n            <\/span>\r\n        <\/button>\r\n        -->\r\n    <\/div>    \r\n\r\n<\/div>\r\n\r\n<div id=\"location-wrapper\">\r\n\r\n    <div class=\"map-wrapper\">        \r\n\r\n        <div class=\"locals-search-engine\">\r\n\r\n            <div class=\"container-map\">\r\n\r\n                <div id=\"map\"><\/div>\r\n\r\n            <\/div>\r\n\r\n        <\/div>\r\n\r\n    <\/div>\r\n\r\n\r\n\r\n<\/div>\r\n\r\n<div class=\"results-wrapper\"><\/div>\r\n\r\n<\/div>\n\t\t\t\t\t\t<\/div>\n\t\t\t\t<\/div>\n\t\t\t\t<\/div>\n\t\t<div class=\"elementor-element elementor-element-52109e3b e-con-full e-flex e-con e-parent\" data-id=\"52109e3b\" data-element_type=\"container\" data-e-type=\"container\" id=\"cards-btn\">\n\t\t<div class=\"elementor-element elementor-element-74b1e35c e-con-full container cards-btn-container e-flex e-con e-child\" data-id=\"74b1e35c\" data-element_type=\"container\" data-e-type=\"container\">\n\t\t<div class=\"elementor-element elementor-element-3439aa8e e-con-full cards-btn-card e-flex e-con e-child\" data-id=\"3439aa8e\" data-element_type=\"container\" data-e-type=\"container\">\n\t\t\t\t<div class=\"elementor-element elementor-element-2b5ced7b cards-btn-text elementor-widget elementor-widget-text-editor\" data-id=\"2b5ced7b\" data-element_type=\"widget\" data-e-type=\"widget\" data-widget_type=\"text-editor.default\">\n\t\t\t\t\t\t\t\t\t<p>UBGEN\u00ae apoya a una red mundial de distribuidores mediante una formaci\u00f3n espec\u00edfica para mejorar el uso y la distribuci\u00f3n de sus soluciones. La empresa est\u00e1 abierta a nuevos proyectos de colaboraci\u00f3n para reforzar su presencia en Italia, Europa y mercados extracomunitarios.<\/p>\n\t\t\t\t\t\t\t\t<\/div>\n\t\t\t\t<\/div>\n\t\t<div class=\"elementor-element elementor-element-4c4d07d7 e-con-full cards-btn-card e-flex e-con e-child\" data-id=\"4c4d07d7\" data-element_type=\"container\" data-e-type=\"container\" data-settings=\"{&quot;background_background&quot;:&quot;classic&quot;}\">\n\t\t\t\t<div class=\"elementor-element elementor-element-634462e9 cards-btn-text elementor-widget elementor-widget-text-editor\" data-id=\"634462e9\" data-element_type=\"widget\" data-e-type=\"widget\" data-widget_type=\"text-editor.default\">\n\t\t\t\t\t\t\t\t\t<p><strong>Escr\u00edbanos y le pondremos en contacto con el <span class=\"color-pink\">Especialista de Producto<\/span> m\u00e1s cercano.<\/strong><\/p>\n\t\t\t\t\t\t\t\t<\/div>\n\t\t\t\t<div class=\"elementor-element elementor-element-7977cd11 elementor-align-left cards-btn-btn elementor-widget elementor-widget-button\" data-id=\"7977cd11\" data-element_type=\"widget\" data-e-type=\"widget\" data-widget_type=\"button.default\">\n\t\t\t\t\t\t\t\t\t\t<a class=\"elementor-button elementor-button-link elementor-size-sm\" href=\"mailto:marketing@ubgen.com\" target=\"_blank\">\n\t\t\t\t\t\t<span class=\"elementor-button-content-wrapper\">\n\t\t\t\t\t\t\t\t\t<span class=\"elementor-button-text\"> marketing@ubgen.com<\/span>\n\t\t\t\t\t<\/span>\n\t\t\t\t\t<\/a>\n\t\t\t\t\t\t\t\t<\/div>\n\t\t\t\t<\/div>\n\t\t\t\t<\/div>\n\t\t\t\t<\/div>\n\t\t\t\t<\/div>\n\t\t","protected":false},"excerpt":{"rendered":"<p>NUESTROS DISTRIBUIDORES UBGEN\u00ae apoya a una red mundial de distribuidores mediante una formaci\u00f3n espec\u00edfica para mejorar el uso y la distribuci\u00f3n de sus soluciones. La empresa est\u00e1 abierta a nuevos proyectos de colaboraci\u00f3n para reforzar su presencia en Italia, Europa y mercados extracomunitarios. Escr\u00edbanos y le pondremos en contacto con el Especialista de Producto m\u00e1s [&#8230;]<\/p>\n<p><a class=\"btn btn-secondary understrap-read-more-link\" href=\"https:\/\/ubgen.com\/es\/distribuidores\/\">Leer m\u00e1s&#8230;<span class=\"screen-reader-text\"> from Distribuidores<\/span><\/a><\/p>\n","protected":false},"author":7,"featured_media":0,"parent":0,"menu_order":0,"comment_status":"closed","ping_status":"closed","template":"page-templates\/distributori.php","meta":{"_acf_changed":false,"footnotes":""},"class_list":["post-6885","page","type-page","status-publish","hentry"],"acf":[],"yoast_head":"<!-- This site is optimized with the Yoast SEO plugin v27.3 - https:\/\/yoast.com\/product\/yoast-seo-wordpress\/ -->\n<title>Distribuidores - Ziacom - Ubgen<\/title>\n<meta name=\"robots\" content=\"noindex, follow, max-snippet:-1, max-image-preview:large, max-video-preview:-1\" \/>\n<meta property=\"og:locale\" content=\"es_ES\" \/>\n<meta property=\"og:type\" content=\"article\" \/>\n<meta property=\"og:title\" content=\"Distribuidores - Ziacom - Ubgen\" \/>\n<meta property=\"og:description\" content=\"NUESTROS DISTRIBUIDORES UBGEN\u00ae apoya a una red mundial de distribuidores mediante una formaci\u00f3n espec\u00edfica para mejorar el uso y la distribuci\u00f3n de sus soluciones. La empresa est\u00e1 abierta a nuevos proyectos de colaboraci\u00f3n para reforzar su presencia en Italia, Europa y mercados extracomunitarios. Escr\u00edbanos y le pondremos en contacto con el Especialista de Producto m\u00e1s [...]Leer m\u00e1s... from Distribuidores\" \/>\n<meta property=\"og:url\" content=\"https:\/\/ubgen.com\/es\/distribuidores\/\" \/>\n<meta property=\"og:site_name\" content=\"Ziacom - Ubgen\" \/>\n<meta property=\"article:publisher\" content=\"https:\/\/www.facebook.com\/Ubgen\" \/>\n<meta property=\"article:modified_time\" content=\"2025-10-16T14:43:42+00:00\" \/>\n<meta name=\"twitter:card\" content=\"summary_large_image\" \/>\n<meta name=\"twitter:label1\" content=\"Tiempo de lectura\" \/>\n\t<meta name=\"twitter:data1\" content=\"1 minuto\" \/>\n<script type=\"application\/ld+json\" class=\"yoast-schema-graph\">{\"@context\":\"https:\\\/\\\/schema.org\",\"@graph\":[{\"@type\":\"WebPage\",\"@id\":\"https:\\\/\\\/ubgen.com\\\/es\\\/distribuidores\\\/\",\"url\":\"https:\\\/\\\/ubgen.com\\\/es\\\/distribuidores\\\/\",\"name\":\"Distribuidores - Ziacom - Ubgen\",\"isPartOf\":{\"@id\":\"https:\\\/\\\/ubgen.com\\\/es\\\/#website\"},\"datePublished\":\"2024-12-17T07:35:46+00:00\",\"dateModified\":\"2025-10-16T14:43:42+00:00\",\"breadcrumb\":{\"@id\":\"https:\\\/\\\/ubgen.com\\\/es\\\/distribuidores\\\/#breadcrumb\"},\"inLanguage\":\"es\",\"potentialAction\":[{\"@type\":\"ReadAction\",\"target\":[\"https:\\\/\\\/ubgen.com\\\/es\\\/distribuidores\\\/\"]}]},{\"@type\":\"BreadcrumbList\",\"@id\":\"https:\\\/\\\/ubgen.com\\\/es\\\/distribuidores\\\/#breadcrumb\",\"itemListElement\":[{\"@type\":\"ListItem\",\"position\":1,\"name\":\"Portada\",\"item\":\"https:\\\/\\\/ubgen.com\\\/es\\\/\"},{\"@type\":\"ListItem\",\"position\":2,\"name\":\"Distribuidores\"}]},{\"@type\":\"WebSite\",\"@id\":\"https:\\\/\\\/ubgen.com\\\/es\\\/#website\",\"url\":\"https:\\\/\\\/ubgen.com\\\/es\\\/\",\"name\":\"Ziacom - Ubgen\",\"description\":\"\",\"publisher\":{\"@id\":\"https:\\\/\\\/ubgen.com\\\/es\\\/#organization\"},\"potentialAction\":[{\"@type\":\"SearchAction\",\"target\":{\"@type\":\"EntryPoint\",\"urlTemplate\":\"https:\\\/\\\/ubgen.com\\\/es\\\/?s={search_term_string}\"},\"query-input\":{\"@type\":\"PropertyValueSpecification\",\"valueRequired\":true,\"valueName\":\"search_term_string\"}}],\"inLanguage\":\"es\"},{\"@type\":\"Organization\",\"@id\":\"https:\\\/\\\/ubgen.com\\\/es\\\/#organization\",\"name\":\"Ziacom - Ubgen\",\"url\":\"https:\\\/\\\/ubgen.com\\\/es\\\/\",\"logo\":{\"@type\":\"ImageObject\",\"inLanguage\":\"es\",\"@id\":\"https:\\\/\\\/ubgen.com\\\/es\\\/#\\\/schema\\\/logo\\\/image\\\/\",\"url\":\"https:\\\/\\\/ubgen.com\\\/wp-content\\\/uploads\\\/2024\\\/12\\\/Recurso-2@2x.png\",\"contentUrl\":\"https:\\\/\\\/ubgen.com\\\/wp-content\\\/uploads\\\/2024\\\/12\\\/Recurso-2@2x.png\",\"width\":335,\"height\":80,\"caption\":\"Ziacom - Ubgen\"},\"image\":{\"@id\":\"https:\\\/\\\/ubgen.com\\\/es\\\/#\\\/schema\\\/logo\\\/image\\\/\"},\"sameAs\":[\"https:\\\/\\\/www.facebook.com\\\/Ubgen\",\"https:\\\/\\\/www.youtube.com\\\/@ubgen68\",\"https:\\\/\\\/www.linkedin.com\\\/company\\\/ubgen\\\/\",\"https:\\\/\\\/www.instagram.com\\\/_ubgen_biomaterials_\\\/\"]}]}<\/script>\n<!-- \/ Yoast SEO plugin. -->","yoast_head_json":{"title":"Distribuidores - Ziacom - Ubgen","robots":{"index":"noindex","follow":"follow","max-snippet":"max-snippet:-1","max-image-preview":"max-image-preview:large","max-video-preview":"max-video-preview:-1"},"og_locale":"es_ES","og_type":"article","og_title":"Distribuidores - Ziacom - Ubgen","og_description":"NUESTROS DISTRIBUIDORES UBGEN\u00ae apoya a una red mundial de distribuidores mediante una formaci\u00f3n espec\u00edfica para mejorar el uso y la distribuci\u00f3n de sus soluciones. La empresa est\u00e1 abierta a nuevos proyectos de colaboraci\u00f3n para reforzar su presencia en Italia, Europa y mercados extracomunitarios. Escr\u00edbanos y le pondremos en contacto con el Especialista de Producto m\u00e1s [...]Leer m\u00e1s... from Distribuidores","og_url":"https:\/\/ubgen.com\/es\/distribuidores\/","og_site_name":"Ziacom - Ubgen","article_publisher":"https:\/\/www.facebook.com\/Ubgen","article_modified_time":"2025-10-16T14:43:42+00:00","twitter_card":"summary_large_image","twitter_misc":{"Tiempo de lectura":"1 minuto"},"schema":{"@context":"https:\/\/schema.org","@graph":[{"@type":"WebPage","@id":"https:\/\/ubgen.com\/es\/distribuidores\/","url":"https:\/\/ubgen.com\/es\/distribuidores\/","name":"Distribuidores - Ziacom - Ubgen","isPartOf":{"@id":"https:\/\/ubgen.com\/es\/#website"},"datePublished":"2024-12-17T07:35:46+00:00","dateModified":"2025-10-16T14:43:42+00:00","breadcrumb":{"@id":"https:\/\/ubgen.com\/es\/distribuidores\/#breadcrumb"},"inLanguage":"es","potentialAction":[{"@type":"ReadAction","target":["https:\/\/ubgen.com\/es\/distribuidores\/"]}]},{"@type":"BreadcrumbList","@id":"https:\/\/ubgen.com\/es\/distribuidores\/#breadcrumb","itemListElement":[{"@type":"ListItem","position":1,"name":"Portada","item":"https:\/\/ubgen.com\/es\/"},{"@type":"ListItem","position":2,"name":"Distribuidores"}]},{"@type":"WebSite","@id":"https:\/\/ubgen.com\/es\/#website","url":"https:\/\/ubgen.com\/es\/","name":"Ziacom - Ubgen","description":"","publisher":{"@id":"https:\/\/ubgen.com\/es\/#organization"},"potentialAction":[{"@type":"SearchAction","target":{"@type":"EntryPoint","urlTemplate":"https:\/\/ubgen.com\/es\/?s={search_term_string}"},"query-input":{"@type":"PropertyValueSpecification","valueRequired":true,"valueName":"search_term_string"}}],"inLanguage":"es"},{"@type":"Organization","@id":"https:\/\/ubgen.com\/es\/#organization","name":"Ziacom - Ubgen","url":"https:\/\/ubgen.com\/es\/","logo":{"@type":"ImageObject","inLanguage":"es","@id":"https:\/\/ubgen.com\/es\/#\/schema\/logo\/image\/","url":"https:\/\/ubgen.com\/wp-content\/uploads\/2024\/12\/Recurso-2@2x.png","contentUrl":"https:\/\/ubgen.com\/wp-content\/uploads\/2024\/12\/Recurso-2@2x.png","width":335,"height":80,"caption":"Ziacom - Ubgen"},"image":{"@id":"https:\/\/ubgen.com\/es\/#\/schema\/logo\/image\/"},"sameAs":["https:\/\/www.facebook.com\/Ubgen","https:\/\/www.youtube.com\/@ubgen68","https:\/\/www.linkedin.com\/company\/ubgen\/","https:\/\/www.instagram.com\/_ubgen_biomaterials_\/"]}]}},"_links":{"self":[{"href":"https:\/\/ubgen.com\/es\/wp-json\/wp\/v2\/pages\/6885","targetHints":{"allow":["GET"]}}],"collection":[{"href":"https:\/\/ubgen.com\/es\/wp-json\/wp\/v2\/pages"}],"about":[{"href":"https:\/\/ubgen.com\/es\/wp-json\/wp\/v2\/types\/page"}],"author":[{"embeddable":true,"href":"https:\/\/ubgen.com\/es\/wp-json\/wp\/v2\/users\/7"}],"replies":[{"embeddable":true,"href":"https:\/\/ubgen.com\/es\/wp-json\/wp\/v2\/comments?post=6885"}],"version-history":[{"count":2,"href":"https:\/\/ubgen.com\/es\/wp-json\/wp\/v2\/pages\/6885\/revisions"}],"predecessor-version":[{"id":11785,"href":"https:\/\/ubgen.com\/es\/wp-json\/wp\/v2\/pages\/6885\/revisions\/11785"}],"wp:attachment":[{"href":"https:\/\/ubgen.com\/es\/wp-json\/wp\/v2\/media?parent=6885"}],"curies":[{"name":"wp","href":"https:\/\/api.w.org\/{rel}","templated":true}]}}