{"id":6897,"date":"2024-12-20T08:37:46","date_gmt":"2024-12-20T07:37:46","guid":{"rendered":"https:\/\/test.ubgen.com\/trabaja-con-nosotros\/"},"modified":"2025-02-10T08:03:20","modified_gmt":"2025-02-10T07:03:20","slug":"trabaja-con-nosotros","status":"publish","type":"page","link":"https:\/\/ubgen.com\/es\/trabaja-con-nosotros\/","title":{"rendered":"Trabaja con nosotros"},"content":{"rendered":"\t\t<div data-elementor-type=\"wp-page\" data-elementor-id=\"6897\" class=\"elementor elementor-6897 elementor-286\" data-elementor-post-type=\"page\">\n\t\t\t\t<div class=\"elementor-element elementor-element-e94629e e-flex e-con-boxed e-con e-parent\" data-id=\"e94629e\" data-element_type=\"container\" id=\"hero-banner-lavora\">\n\t\t\t\t\t<div class=\"e-con-inner\">\n\t\t<div class=\"elementor-element elementor-element-476489f e-con-full e-flex e-con e-child\" data-id=\"476489f\" data-element_type=\"container\">\n\t\t\t\t<\/div>\n\t\t\t\t\t<\/div>\n\t\t\t\t<\/div>\n\t\t<div class=\"elementor-element elementor-element-b201108 e-flex e-con-boxed e-con e-parent\" data-id=\"b201108\" data-element_type=\"container\">\n\t\t\t\t\t<div class=\"e-con-inner\">\n\t\t\t\t\t<\/div>\n\t\t\t\t<\/div>\n\t\t<div class=\"elementor-element elementor-element-1bc2f47 e-flex e-con-boxed e-con e-parent\" data-id=\"1bc2f47\" data-element_type=\"container\">\n\t\t\t\t\t<div class=\"e-con-inner\">\n\t\t<div class=\"elementor-element elementor-element-f787750 e-flex e-con-boxed e-con e-child\" data-id=\"f787750\" data-element_type=\"container\">\n\t\t\t\t\t<div class=\"e-con-inner\">\n\t\t<div class=\"elementor-element elementor-element-aced4bc e-con-full e-flex e-con e-child\" data-id=\"aced4bc\" data-element_type=\"container\" data-settings=\"{&quot;animation&quot;:&quot;none&quot;}\">\n\t\t<div class=\"elementor-element elementor-element-f1a5208 e-con-full e-flex e-con e-child\" data-id=\"f1a5208\" data-element_type=\"container\" data-settings=\"{&quot;motion_fx_motion_fx_scrolling&quot;:&quot;yes&quot;,&quot;motion_fx_translateY_effect&quot;:&quot;yes&quot;,&quot;motion_fx_translateY_affectedRange&quot;:{&quot;unit&quot;:&quot;%&quot;,&quot;size&quot;:&quot;&quot;,&quot;sizes&quot;:{&quot;start&quot;:0,&quot;end&quot;:50}},&quot;motion_fx_opacity_effect&quot;:&quot;yes&quot;,&quot;motion_fx_opacity_range&quot;:{&quot;unit&quot;:&quot;%&quot;,&quot;size&quot;:&quot;&quot;,&quot;sizes&quot;:{&quot;start&quot;:0,&quot;end&quot;:50}},&quot;motion_fx_translateY_speed&quot;:{&quot;unit&quot;:&quot;px&quot;,&quot;size&quot;:4,&quot;sizes&quot;:[]},&quot;motion_fx_opacity_direction&quot;:&quot;out-in&quot;,&quot;motion_fx_opacity_level&quot;:{&quot;unit&quot;:&quot;px&quot;,&quot;size&quot;:10,&quot;sizes&quot;:[]},&quot;motion_fx_devices&quot;:[&quot;desktop&quot;,&quot;tablet&quot;,&quot;mobile&quot;]}\">\n\t\t\t\t<div class=\"elementor-element elementor-element-2e5ee96 elementor-widget__width-auto elementor-widget elementor-widget-n-accordion\" data-id=\"2e5ee96\" data-element_type=\"widget\" data-settings=\"{&quot;default_state&quot;:&quot;all_collapsed&quot;,&quot;max_items_expended&quot;:&quot;one&quot;,&quot;n_accordion_animation_duration&quot;:{&quot;unit&quot;:&quot;ms&quot;,&quot;size&quot;:400,&quot;sizes&quot;:[]}}\" data-widget_type=\"nested-accordion.default\">\n\t\t\t\t\t\t\t<div class=\"e-n-accordion\" aria-label=\"Accordion. Open links with Enter or Space, close with Escape, and navigate with Arrow Keys\">\n\t\t\t\t\t\t<details id=\"e-n-accordion-item-4860\" class=\"e-n-accordion-item\" >\n\t\t\t\t<summary class=\"e-n-accordion-item-title\" data-accordion-index=\"1\" tabindex=\"0\" aria-expanded=\"false\" aria-controls=\"e-n-accordion-item-4860\" >\n\t\t\t\t\t<span class='e-n-accordion-item-title-header'><div class=\"e-n-accordion-item-title-text\"> M\u00e1s informaci\u00f3n <\/div><\/span>\n\t\t\t\t\t\t\t\t\t<\/summary>\n\t\t\t\t<div role=\"region\" aria-labelledby=\"e-n-accordion-item-4860\" class=\"elementor-element elementor-element-73f749a e-con-full e-flex e-con e-child\" data-id=\"73f749a\" data-element_type=\"container\">\n\t\t\t\t<\/div>\n\t\t\t\t\t<\/details>\n\t\t\t\t\t<\/div>\n\t\t\t\t\t\t<\/div>\n\t\t\t\t<\/div>\n\t\t\t\t<\/div>\n\t\t<div class=\"elementor-element elementor-element-da2be99 e-con-full e-flex e-con e-child\" data-id=\"da2be99\" data-element_type=\"container\" data-settings=\"{&quot;animation&quot;:&quot;none&quot;}\">\n\t\t<div class=\"elementor-element elementor-element-36d85a8 e-con-full e-flex e-con e-child\" data-id=\"36d85a8\" data-element_type=\"container\" data-settings=\"{&quot;motion_fx_motion_fx_scrolling&quot;:&quot;yes&quot;,&quot;motion_fx_translateY_effect&quot;:&quot;yes&quot;,&quot;motion_fx_translateY_affectedRange&quot;:{&quot;unit&quot;:&quot;%&quot;,&quot;size&quot;:&quot;&quot;,&quot;sizes&quot;:{&quot;start&quot;:0,&quot;end&quot;:50}},&quot;motion_fx_opacity_effect&quot;:&quot;yes&quot;,&quot;motion_fx_opacity_range&quot;:{&quot;unit&quot;:&quot;%&quot;,&quot;size&quot;:&quot;&quot;,&quot;sizes&quot;:{&quot;start&quot;:0,&quot;end&quot;:50}},&quot;motion_fx_translateY_speed&quot;:{&quot;unit&quot;:&quot;px&quot;,&quot;size&quot;:4,&quot;sizes&quot;:[]},&quot;motion_fx_opacity_direction&quot;:&quot;out-in&quot;,&quot;motion_fx_opacity_level&quot;:{&quot;unit&quot;:&quot;px&quot;,&quot;size&quot;:10,&quot;sizes&quot;:[]},&quot;motion_fx_devices&quot;:[&quot;desktop&quot;,&quot;tablet&quot;,&quot;mobile&quot;]}\">\n\t\t\t\t<div class=\"elementor-element elementor-element-6f6b26b elementor-widget__width-auto elementor-widget elementor-widget-n-accordion\" data-id=\"6f6b26b\" data-element_type=\"widget\" data-settings=\"{&quot;default_state&quot;:&quot;all_collapsed&quot;,&quot;max_items_expended&quot;:&quot;one&quot;,&quot;n_accordion_animation_duration&quot;:{&quot;unit&quot;:&quot;ms&quot;,&quot;size&quot;:400,&quot;sizes&quot;:[]}}\" data-widget_type=\"nested-accordion.default\">\n\t\t\t\t\t\t\t<div class=\"e-n-accordion\" aria-label=\"Accordion. Open links with Enter or Space, close with Escape, and navigate with Arrow Keys\">\n\t\t\t\t\t\t<details id=\"e-n-accordion-item-1160\" class=\"e-n-accordion-item\" >\n\t\t\t\t<summary class=\"e-n-accordion-item-title\" data-accordion-index=\"1\" tabindex=\"0\" aria-expanded=\"false\" aria-controls=\"e-n-accordion-item-1160\" >\n\t\t\t\t\t<span class='e-n-accordion-item-title-header'><div class=\"e-n-accordion-item-title-text\"> M\u00e1s informaci\u00f3n <\/div><\/span>\n\t\t\t\t\t\t\t\t\t<\/summary>\n\t\t\t\t<div role=\"region\" aria-labelledby=\"e-n-accordion-item-1160\" class=\"elementor-element elementor-element-150bc0d e-con-full e-flex e-con e-child\" data-id=\"150bc0d\" data-element_type=\"container\">\n\t\t\t\t<\/div>\n\t\t\t\t\t<\/details>\n\t\t\t\t\t<\/div>\n\t\t\t\t\t\t<\/div>\n\t\t\t\t<\/div>\n\t\t\t\t<\/div>\n\t\t<div class=\"elementor-element elementor-element-72c63e4 e-con-full e-flex e-con e-child\" data-id=\"72c63e4\" data-element_type=\"container\" data-settings=\"{&quot;animation&quot;:&quot;none&quot;}\">\n\t\t<div class=\"elementor-element elementor-element-15e1c68 e-con-full e-flex e-con e-child\" data-id=\"15e1c68\" data-element_type=\"container\" data-settings=\"{&quot;motion_fx_motion_fx_scrolling&quot;:&quot;yes&quot;,&quot;motion_fx_translateY_effect&quot;:&quot;yes&quot;,&quot;motion_fx_translateY_affectedRange&quot;:{&quot;unit&quot;:&quot;%&quot;,&quot;size&quot;:&quot;&quot;,&quot;sizes&quot;:{&quot;start&quot;:0,&quot;end&quot;:50}},&quot;motion_fx_opacity_effect&quot;:&quot;yes&quot;,&quot;motion_fx_opacity_range&quot;:{&quot;unit&quot;:&quot;%&quot;,&quot;size&quot;:&quot;&quot;,&quot;sizes&quot;:{&quot;start&quot;:0,&quot;end&quot;:50}},&quot;motion_fx_translateY_speed&quot;:{&quot;unit&quot;:&quot;px&quot;,&quot;size&quot;:4,&quot;sizes&quot;:[]},&quot;motion_fx_opacity_direction&quot;:&quot;out-in&quot;,&quot;motion_fx_opacity_level&quot;:{&quot;unit&quot;:&quot;px&quot;,&quot;size&quot;:10,&quot;sizes&quot;:[]},&quot;motion_fx_devices&quot;:[&quot;desktop&quot;,&quot;tablet&quot;,&quot;mobile&quot;]}\">\n\t\t\t\t<div class=\"elementor-element elementor-element-a4bdb51 elementor-widget__width-auto elementor-widget elementor-widget-n-accordion\" data-id=\"a4bdb51\" data-element_type=\"widget\" data-settings=\"{&quot;default_state&quot;:&quot;all_collapsed&quot;,&quot;max_items_expended&quot;:&quot;one&quot;,&quot;n_accordion_animation_duration&quot;:{&quot;unit&quot;:&quot;ms&quot;,&quot;size&quot;:400,&quot;sizes&quot;:[]}}\" data-widget_type=\"nested-accordion.default\">\n\t\t\t\t\t\t\t<div class=\"e-n-accordion\" aria-label=\"Accordion. Open links with Enter or Space, close with Escape, and navigate with Arrow Keys\">\n\t\t\t\t\t\t<details id=\"e-n-accordion-item-1720\" class=\"e-n-accordion-item\" >\n\t\t\t\t<summary class=\"e-n-accordion-item-title\" data-accordion-index=\"1\" tabindex=\"0\" aria-expanded=\"false\" aria-controls=\"e-n-accordion-item-1720\" >\n\t\t\t\t\t<span class='e-n-accordion-item-title-header'><div class=\"e-n-accordion-item-title-text\"> M\u00e1s informaci\u00f3n <\/div><\/span>\n\t\t\t\t\t\t\t\t\t<\/summary>\n\t\t\t\t<div role=\"region\" aria-labelledby=\"e-n-accordion-item-1720\" class=\"elementor-element elementor-element-d57530a e-con-full e-flex e-con e-child\" data-id=\"d57530a\" data-element_type=\"container\">\n\t\t\t\t<\/div>\n\t\t\t\t\t<\/details>\n\t\t\t\t\t<\/div>\n\t\t\t\t\t\t<\/div>\n\t\t\t\t<\/div>\n\t\t\t\t<\/div>\n\t\t\t\t\t<\/div>\n\t\t\t\t<\/div>\n\t\t\t\t\t<\/div>\n\t\t\t\t<\/div>\n\t\t<div class=\"elementor-element elementor-element-0007162 e-flex e-con-boxed e-con e-parent\" data-id=\"0007162\" data-element_type=\"container\">\n\t\t\t\t\t<div class=\"e-con-inner\">\n\t\t\t\t\t<\/div>\n\t\t\t\t<\/div>\n\t\t\t\t<\/div>\n\t\t","protected":false},"excerpt":{"rendered":"<p>DESCUBRA NUESTRASOPORTUNIDADESDE EMPLEO Buscamos nuevos talentosdispuestos a marcar la diferencia. Lugar de trabajo: Vigonza (PD) \/ Fecha de publicaci\u00f3n: 10\/02\/2025 Operario de producci\u00f3n \u00c1rea: Biomateriales para la regeneraci\u00f3n de tejidos en odontolog\u00eda Tipo de contrato: Jornada completa, con disponibilidad para trabajar a turnos. M\u00e1s informaci\u00f3n UBGEN srl es una empresa italiana especializada en el desarrollo [&#8230;]<\/p>\n<p><a class=\"btn btn-secondary understrap-read-more-link\" href=\"https:\/\/ubgen.com\/es\/trabaja-con-nosotros\/\">Leer m\u00e1s&#8230;<span class=\"screen-reader-text\"> from Trabaja con nosotros<\/span><\/a><\/p>\n","protected":false},"author":7,"featured_media":0,"parent":0,"menu_order":0,"comment_status":"closed","ping_status":"closed","template":"","meta":{"_acf_changed":false,"footnotes":""},"class_list":["post-6897","page","type-page","status-publish","hentry"],"acf":[],"yoast_head":"<!-- This site is optimized with the Yoast SEO plugin v27.3 - https:\/\/yoast.com\/product\/yoast-seo-wordpress\/ -->\n<title>Trabaja con nosotros - Ziacom - Ubgen<\/title>\n<meta name=\"robots\" content=\"noindex, follow, max-snippet:-1, max-image-preview:large, max-video-preview:-1\" \/>\n<meta property=\"og:locale\" content=\"es_ES\" \/>\n<meta property=\"og:type\" content=\"article\" \/>\n<meta property=\"og:title\" content=\"Trabaja con nosotros - Ziacom - Ubgen\" \/>\n<meta property=\"og:description\" content=\"DESCUBRA NUESTRASOPORTUNIDADESDE EMPLEO Buscamos nuevos talentosdispuestos a marcar la diferencia. Lugar de trabajo: Vigonza (PD) \/ Fecha de publicaci\u00f3n: 10\/02\/2025 Operario de producci\u00f3n \u00c1rea: Biomateriales para la regeneraci\u00f3n de tejidos en odontolog\u00eda Tipo de contrato: Jornada completa, con disponibilidad para trabajar a turnos. M\u00e1s informaci\u00f3n UBGEN srl es una empresa italiana especializada en el desarrollo [...]Leer m\u00e1s... from Trabaja con nosotros\" \/>\n<meta property=\"og:url\" content=\"https:\/\/ubgen.com\/es\/trabaja-con-nosotros\/\" \/>\n<meta property=\"og:site_name\" content=\"Ziacom - Ubgen\" \/>\n<meta property=\"article:publisher\" content=\"https:\/\/www.facebook.com\/Ubgen\" \/>\n<meta property=\"article:modified_time\" content=\"2025-02-10T07:03:20+00:00\" \/>\n<meta name=\"twitter:card\" content=\"summary_large_image\" \/>\n<meta name=\"twitter:label1\" content=\"Tiempo de lectura\" \/>\n\t<meta name=\"twitter:data1\" content=\"11 minutos\" \/>\n<script type=\"application\/ld+json\" class=\"yoast-schema-graph\">{\"@context\":\"https:\\\/\\\/schema.org\",\"@graph\":[{\"@type\":\"WebPage\",\"@id\":\"https:\\\/\\\/ubgen.com\\\/es\\\/trabaja-con-nosotros\\\/\",\"url\":\"https:\\\/\\\/ubgen.com\\\/es\\\/trabaja-con-nosotros\\\/\",\"name\":\"Trabaja con nosotros - Ziacom - Ubgen\",\"isPartOf\":{\"@id\":\"https:\\\/\\\/ubgen.com\\\/es\\\/#website\"},\"datePublished\":\"2024-12-20T07:37:46+00:00\",\"dateModified\":\"2025-02-10T07:03:20+00:00\",\"breadcrumb\":{\"@id\":\"https:\\\/\\\/ubgen.com\\\/es\\\/trabaja-con-nosotros\\\/#breadcrumb\"},\"inLanguage\":\"es\",\"potentialAction\":[{\"@type\":\"ReadAction\",\"target\":[\"https:\\\/\\\/ubgen.com\\\/es\\\/trabaja-con-nosotros\\\/\"]}]},{\"@type\":\"BreadcrumbList\",\"@id\":\"https:\\\/\\\/ubgen.com\\\/es\\\/trabaja-con-nosotros\\\/#breadcrumb\",\"itemListElement\":[{\"@type\":\"ListItem\",\"position\":1,\"name\":\"Portada\",\"item\":\"https:\\\/\\\/ubgen.com\\\/es\\\/\"},{\"@type\":\"ListItem\",\"position\":2,\"name\":\"Trabaja con nosotros\"}]},{\"@type\":\"WebSite\",\"@id\":\"https:\\\/\\\/ubgen.com\\\/es\\\/#website\",\"url\":\"https:\\\/\\\/ubgen.com\\\/es\\\/\",\"name\":\"Ziacom - Ubgen\",\"description\":\"\",\"publisher\":{\"@id\":\"https:\\\/\\\/ubgen.com\\\/es\\\/#organization\"},\"potentialAction\":[{\"@type\":\"SearchAction\",\"target\":{\"@type\":\"EntryPoint\",\"urlTemplate\":\"https:\\\/\\\/ubgen.com\\\/es\\\/?s={search_term_string}\"},\"query-input\":{\"@type\":\"PropertyValueSpecification\",\"valueRequired\":true,\"valueName\":\"search_term_string\"}}],\"inLanguage\":\"es\"},{\"@type\":\"Organization\",\"@id\":\"https:\\\/\\\/ubgen.com\\\/es\\\/#organization\",\"name\":\"Ziacom - Ubgen\",\"url\":\"https:\\\/\\\/ubgen.com\\\/es\\\/\",\"logo\":{\"@type\":\"ImageObject\",\"inLanguage\":\"es\",\"@id\":\"https:\\\/\\\/ubgen.com\\\/es\\\/#\\\/schema\\\/logo\\\/image\\\/\",\"url\":\"https:\\\/\\\/ubgen.com\\\/wp-content\\\/uploads\\\/2024\\\/12\\\/Recurso-2@2x.png\",\"contentUrl\":\"https:\\\/\\\/ubgen.com\\\/wp-content\\\/uploads\\\/2024\\\/12\\\/Recurso-2@2x.png\",\"width\":335,\"height\":80,\"caption\":\"Ziacom - Ubgen\"},\"image\":{\"@id\":\"https:\\\/\\\/ubgen.com\\\/es\\\/#\\\/schema\\\/logo\\\/image\\\/\"},\"sameAs\":[\"https:\\\/\\\/www.facebook.com\\\/Ubgen\",\"https:\\\/\\\/www.youtube.com\\\/@ubgen68\",\"https:\\\/\\\/www.linkedin.com\\\/company\\\/ubgen\\\/\",\"https:\\\/\\\/www.instagram.com\\\/_ubgen_biomaterials_\\\/\"]}]}<\/script>\n<!-- \/ Yoast SEO plugin. -->","yoast_head_json":{"title":"Trabaja con nosotros - Ziacom - Ubgen","robots":{"index":"noindex","follow":"follow","max-snippet":"max-snippet:-1","max-image-preview":"max-image-preview:large","max-video-preview":"max-video-preview:-1"},"og_locale":"es_ES","og_type":"article","og_title":"Trabaja con nosotros - Ziacom - Ubgen","og_description":"DESCUBRA NUESTRASOPORTUNIDADESDE EMPLEO Buscamos nuevos talentosdispuestos a marcar la diferencia. Lugar de trabajo: Vigonza (PD) \/ Fecha de publicaci\u00f3n: 10\/02\/2025 Operario de producci\u00f3n \u00c1rea: Biomateriales para la regeneraci\u00f3n de tejidos en odontolog\u00eda Tipo de contrato: Jornada completa, con disponibilidad para trabajar a turnos. M\u00e1s informaci\u00f3n UBGEN srl es una empresa italiana especializada en el desarrollo [...]Leer m\u00e1s... from Trabaja con nosotros","og_url":"https:\/\/ubgen.com\/es\/trabaja-con-nosotros\/","og_site_name":"Ziacom - Ubgen","article_publisher":"https:\/\/www.facebook.com\/Ubgen","article_modified_time":"2025-02-10T07:03:20+00:00","twitter_card":"summary_large_image","twitter_misc":{"Tiempo de lectura":"11 minutos"},"schema":{"@context":"https:\/\/schema.org","@graph":[{"@type":"WebPage","@id":"https:\/\/ubgen.com\/es\/trabaja-con-nosotros\/","url":"https:\/\/ubgen.com\/es\/trabaja-con-nosotros\/","name":"Trabaja con nosotros - Ziacom - Ubgen","isPartOf":{"@id":"https:\/\/ubgen.com\/es\/#website"},"datePublished":"2024-12-20T07:37:46+00:00","dateModified":"2025-02-10T07:03:20+00:00","breadcrumb":{"@id":"https:\/\/ubgen.com\/es\/trabaja-con-nosotros\/#breadcrumb"},"inLanguage":"es","potentialAction":[{"@type":"ReadAction","target":["https:\/\/ubgen.com\/es\/trabaja-con-nosotros\/"]}]},{"@type":"BreadcrumbList","@id":"https:\/\/ubgen.com\/es\/trabaja-con-nosotros\/#breadcrumb","itemListElement":[{"@type":"ListItem","position":1,"name":"Portada","item":"https:\/\/ubgen.com\/es\/"},{"@type":"ListItem","position":2,"name":"Trabaja con nosotros"}]},{"@type":"WebSite","@id":"https:\/\/ubgen.com\/es\/#website","url":"https:\/\/ubgen.com\/es\/","name":"Ziacom - Ubgen","description":"","publisher":{"@id":"https:\/\/ubgen.com\/es\/#organization"},"potentialAction":[{"@type":"SearchAction","target":{"@type":"EntryPoint","urlTemplate":"https:\/\/ubgen.com\/es\/?s={search_term_string}"},"query-input":{"@type":"PropertyValueSpecification","valueRequired":true,"valueName":"search_term_string"}}],"inLanguage":"es"},{"@type":"Organization","@id":"https:\/\/ubgen.com\/es\/#organization","name":"Ziacom - Ubgen","url":"https:\/\/ubgen.com\/es\/","logo":{"@type":"ImageObject","inLanguage":"es","@id":"https:\/\/ubgen.com\/es\/#\/schema\/logo\/image\/","url":"https:\/\/ubgen.com\/wp-content\/uploads\/2024\/12\/Recurso-2@2x.png","contentUrl":"https:\/\/ubgen.com\/wp-content\/uploads\/2024\/12\/Recurso-2@2x.png","width":335,"height":80,"caption":"Ziacom - Ubgen"},"image":{"@id":"https:\/\/ubgen.com\/es\/#\/schema\/logo\/image\/"},"sameAs":["https:\/\/www.facebook.com\/Ubgen","https:\/\/www.youtube.com\/@ubgen68","https:\/\/www.linkedin.com\/company\/ubgen\/","https:\/\/www.instagram.com\/_ubgen_biomaterials_\/"]}]}},"_links":{"self":[{"href":"https:\/\/ubgen.com\/es\/wp-json\/wp\/v2\/pages\/6897","targetHints":{"allow":["GET"]}}],"collection":[{"href":"https:\/\/ubgen.com\/es\/wp-json\/wp\/v2\/pages"}],"about":[{"href":"https:\/\/ubgen.com\/es\/wp-json\/wp\/v2\/types\/page"}],"author":[{"embeddable":true,"href":"https:\/\/ubgen.com\/es\/wp-json\/wp\/v2\/users\/7"}],"replies":[{"embeddable":true,"href":"https:\/\/ubgen.com\/es\/wp-json\/wp\/v2\/comments?post=6897"}],"version-history":[{"count":15,"href":"https:\/\/ubgen.com\/es\/wp-json\/wp\/v2\/pages\/6897\/revisions"}],"predecessor-version":[{"id":7930,"href":"https:\/\/ubgen.com\/es\/wp-json\/wp\/v2\/pages\/6897\/revisions\/7930"}],"wp:attachment":[{"href":"https:\/\/ubgen.com\/es\/wp-json\/wp\/v2\/media?parent=6897"}],"curies":[{"name":"wp","href":"https:\/\/api.w.org\/{rel}","templated":true}]}}