{"id":11829,"date":"2025-11-24T13:53:59","date_gmt":"2025-11-24T12:53:59","guid":{"rendered":"https:\/\/ubgen.com\/?page_id=11829"},"modified":"2025-11-25T10:33:42","modified_gmt":"2025-11-25T09:33:42","slug":"biblioteca-2","status":"publish","type":"page","link":"https:\/\/ubgen.com\/pt-pt\/canal-etico-pt\/","title":{"rendered":"Canal \u00e9tico"},"content":{"rendered":"\t\t<div data-elementor-type=\"wp-page\" data-elementor-id=\"11829\" class=\"elementor elementor-11829 elementor-11826\" data-elementor-post-type=\"page\">\n\t\t\t\t<div class=\"elementor-element elementor-element-6eaa883c e-con-full e-flex e-con e-parent\" data-id=\"6eaa883c\" data-element_type=\"container\" id=\"hero-products\" data-settings=\"{&quot;background_background&quot;:&quot;classic&quot;}\">\n\t\t<div class=\"elementor-element elementor-element-647c7d06 e-con-full container hero-products-container e-flex e-con e-child\" data-id=\"647c7d06\" data-element_type=\"container\">\n\t\t\t\t<\/div>\n\t\t\t\t<\/div>\n\t\t<div class=\"elementor-element elementor-element-3f18f78 e-flex e-con-boxed e-con e-parent\" data-id=\"3f18f78\" data-element_type=\"container\">\n\t\t\t\t\t<div class=\"e-con-inner\">\n\t\t\t\t<div class=\"elementor-element elementor-element-462b0b4 elementor-widget-divider--view-line elementor-widget elementor-widget-divider\" data-id=\"462b0b4\" data-element_type=\"widget\" data-widget_type=\"divider.default\">\n\t\t\t\t\t\t\t<div class=\"elementor-divider\">\n\t\t\t<span class=\"elementor-divider-separator\">\n\t\t\t\t\t\t<\/span>\n\t\t<\/div>\n\t\t\t\t\t\t<\/div>\n\t\t\t\t\t<\/div>\n\t\t\t\t<\/div>\n\t\t\t\t<\/div>\n\t\t","protected":false},"excerpt":{"rendered":"<p>Canal \u00c9tico O Canal \u00c9tico do Grupo Ziacom est\u00e1 \u00e0 disposi\u00e7\u00e3o de qualquer pessoa f\u00edsica ou jur\u00eddica com quem tenha ou preveja ter rela\u00e7\u00f5es corporativas, institucionais e comerciais, tais como associados, \u00f3rg\u00e3os de governo e representa\u00e7\u00e3o, \u00f3rg\u00e3os consultivos, diretores, funcion\u00e1rios, fornecedores, prestadores de servi\u00e7os terceirizados, colaboradores e\/ou consultores. [&#8230;]<\/p>\n<p><a class=\"btn btn-secondary understrap-read-more-link\" href=\"https:\/\/ubgen.com\/pt-pt\/canal-etico-pt\/\">Continuar a ler&#8230;<span class=\"screen-reader-text\"> from Canal \u00e9tico<\/span><\/a><\/p>\n","protected":false},"author":7,"featured_media":0,"parent":0,"menu_order":0,"comment_status":"closed","ping_status":"closed","template":"","meta":{"_acf_changed":false,"footnotes":""},"class_list":["post-11829","page","type-page","status-publish","hentry"],"acf":[],"yoast_head":"<!-- This site is optimized with the Yoast SEO plugin v27.3 - https:\/\/yoast.com\/product\/yoast-seo-wordpress\/ -->\n<title>Canal \u00e9tico - Ziacom - Ubgen<\/title>\n<meta name=\"robots\" content=\"noindex, follow, max-snippet:-1, max-image-preview:large, max-video-preview:-1\" \/>\n<meta property=\"og:locale\" content=\"pt_PT\" \/>\n<meta property=\"og:type\" content=\"article\" \/>\n<meta property=\"og:title\" content=\"Canal \u00e9tico - Ziacom - Ubgen\" \/>\n<meta property=\"og:description\" content=\"Canal \u00c9tico O Canal \u00c9tico do Grupo Ziacom est\u00e1 \u00e0 disposi\u00e7\u00e3o de qualquer pessoa f\u00edsica ou jur\u00eddica com quem tenha ou preveja ter rela\u00e7\u00f5es corporativas, institucionais e comerciais, tais como associados, \u00f3rg\u00e3os de governo e representa\u00e7\u00e3o, \u00f3rg\u00e3os consultivos, diretores, funcion\u00e1rios, fornecedores, prestadores de servi\u00e7os terceirizados, colaboradores e\/ou consultores. [...]Continuar a ler... from Canal \u00e9tico\" \/>\n<meta property=\"og:url\" content=\"https:\/\/ubgen.com\/pt-pt\/canal-etico-pt\/\" \/>\n<meta property=\"og:site_name\" content=\"Ziacom - Ubgen\" \/>\n<meta property=\"article:publisher\" content=\"https:\/\/www.facebook.com\/Ubgen\" \/>\n<meta property=\"article:modified_time\" content=\"2025-11-25T09:33:42+00:00\" \/>\n<meta name=\"twitter:card\" content=\"summary_large_image\" \/>\n<meta name=\"twitter:label1\" content=\"Tempo estimado de leitura\" \/>\n\t<meta name=\"twitter:data1\" content=\"1 minute\" \/>\n<script type=\"application\/ld+json\" class=\"yoast-schema-graph\">{\"@context\":\"https:\\\/\\\/schema.org\",\"@graph\":[{\"@type\":\"WebPage\",\"@id\":\"https:\\\/\\\/ubgen.com\\\/pt-pt\\\/canal-etico-pt\\\/\",\"url\":\"https:\\\/\\\/ubgen.com\\\/pt-pt\\\/canal-etico-pt\\\/\",\"name\":\"Canal \u00e9tico - Ziacom - Ubgen\",\"isPartOf\":{\"@id\":\"https:\\\/\\\/ubgen.com\\\/pt-pt\\\/#website\"},\"datePublished\":\"2025-11-24T12:53:59+00:00\",\"dateModified\":\"2025-11-25T09:33:42+00:00\",\"breadcrumb\":{\"@id\":\"https:\\\/\\\/ubgen.com\\\/pt-pt\\\/canal-etico-pt\\\/#breadcrumb\"},\"inLanguage\":\"pt-PT\",\"potentialAction\":[{\"@type\":\"ReadAction\",\"target\":[\"https:\\\/\\\/ubgen.com\\\/pt-pt\\\/canal-etico-pt\\\/\"]}]},{\"@type\":\"BreadcrumbList\",\"@id\":\"https:\\\/\\\/ubgen.com\\\/pt-pt\\\/canal-etico-pt\\\/#breadcrumb\",\"itemListElement\":[{\"@type\":\"ListItem\",\"position\":1,\"name\":\"Portada\",\"item\":\"https:\\\/\\\/ubgen.com\\\/pt-pt\\\/\"},{\"@type\":\"ListItem\",\"position\":2,\"name\":\"Canal \u00e9tico\"}]},{\"@type\":\"WebSite\",\"@id\":\"https:\\\/\\\/ubgen.com\\\/pt-pt\\\/#website\",\"url\":\"https:\\\/\\\/ubgen.com\\\/pt-pt\\\/\",\"name\":\"Ziacom - Ubgen\",\"description\":\"\",\"publisher\":{\"@id\":\"https:\\\/\\\/ubgen.com\\\/pt-pt\\\/#organization\"},\"potentialAction\":[{\"@type\":\"SearchAction\",\"target\":{\"@type\":\"EntryPoint\",\"urlTemplate\":\"https:\\\/\\\/ubgen.com\\\/pt-pt\\\/?s={search_term_string}\"},\"query-input\":{\"@type\":\"PropertyValueSpecification\",\"valueRequired\":true,\"valueName\":\"search_term_string\"}}],\"inLanguage\":\"pt-PT\"},{\"@type\":\"Organization\",\"@id\":\"https:\\\/\\\/ubgen.com\\\/pt-pt\\\/#organization\",\"name\":\"Ziacom - Ubgen\",\"url\":\"https:\\\/\\\/ubgen.com\\\/pt-pt\\\/\",\"logo\":{\"@type\":\"ImageObject\",\"inLanguage\":\"pt-PT\",\"@id\":\"https:\\\/\\\/ubgen.com\\\/pt-pt\\\/#\\\/schema\\\/logo\\\/image\\\/\",\"url\":\"https:\\\/\\\/ubgen.com\\\/wp-content\\\/uploads\\\/2024\\\/12\\\/Recurso-2@2x.png\",\"contentUrl\":\"https:\\\/\\\/ubgen.com\\\/wp-content\\\/uploads\\\/2024\\\/12\\\/Recurso-2@2x.png\",\"width\":335,\"height\":80,\"caption\":\"Ziacom - Ubgen\"},\"image\":{\"@id\":\"https:\\\/\\\/ubgen.com\\\/pt-pt\\\/#\\\/schema\\\/logo\\\/image\\\/\"},\"sameAs\":[\"https:\\\/\\\/www.facebook.com\\\/Ubgen\",\"https:\\\/\\\/www.youtube.com\\\/@ubgen68\",\"https:\\\/\\\/www.linkedin.com\\\/company\\\/ubgen\\\/\",\"https:\\\/\\\/www.instagram.com\\\/_ubgen_biomaterials_\\\/\"]}]}<\/script>\n<!-- \/ Yoast SEO plugin. -->","yoast_head_json":{"title":"Canal \u00e9tico - Ziacom - Ubgen","robots":{"index":"noindex","follow":"follow","max-snippet":"max-snippet:-1","max-image-preview":"max-image-preview:large","max-video-preview":"max-video-preview:-1"},"og_locale":"pt_PT","og_type":"article","og_title":"Canal \u00e9tico - Ziacom - Ubgen","og_description":"Canal \u00c9tico O Canal \u00c9tico do Grupo Ziacom est\u00e1 \u00e0 disposi\u00e7\u00e3o de qualquer pessoa f\u00edsica ou jur\u00eddica com quem tenha ou preveja ter rela\u00e7\u00f5es corporativas, institucionais e comerciais, tais como associados, \u00f3rg\u00e3os de governo e representa\u00e7\u00e3o, \u00f3rg\u00e3os consultivos, diretores, funcion\u00e1rios, fornecedores, prestadores de servi\u00e7os terceirizados, colaboradores e\/ou consultores. [...]Continuar a ler... from Canal \u00e9tico","og_url":"https:\/\/ubgen.com\/pt-pt\/canal-etico-pt\/","og_site_name":"Ziacom - Ubgen","article_publisher":"https:\/\/www.facebook.com\/Ubgen","article_modified_time":"2025-11-25T09:33:42+00:00","twitter_card":"summary_large_image","twitter_misc":{"Tempo estimado de leitura":"1 minute"},"schema":{"@context":"https:\/\/schema.org","@graph":[{"@type":"WebPage","@id":"https:\/\/ubgen.com\/pt-pt\/canal-etico-pt\/","url":"https:\/\/ubgen.com\/pt-pt\/canal-etico-pt\/","name":"Canal \u00e9tico - Ziacom - Ubgen","isPartOf":{"@id":"https:\/\/ubgen.com\/pt-pt\/#website"},"datePublished":"2025-11-24T12:53:59+00:00","dateModified":"2025-11-25T09:33:42+00:00","breadcrumb":{"@id":"https:\/\/ubgen.com\/pt-pt\/canal-etico-pt\/#breadcrumb"},"inLanguage":"pt-PT","potentialAction":[{"@type":"ReadAction","target":["https:\/\/ubgen.com\/pt-pt\/canal-etico-pt\/"]}]},{"@type":"BreadcrumbList","@id":"https:\/\/ubgen.com\/pt-pt\/canal-etico-pt\/#breadcrumb","itemListElement":[{"@type":"ListItem","position":1,"name":"Portada","item":"https:\/\/ubgen.com\/pt-pt\/"},{"@type":"ListItem","position":2,"name":"Canal \u00e9tico"}]},{"@type":"WebSite","@id":"https:\/\/ubgen.com\/pt-pt\/#website","url":"https:\/\/ubgen.com\/pt-pt\/","name":"Ziacom - Ubgen","description":"","publisher":{"@id":"https:\/\/ubgen.com\/pt-pt\/#organization"},"potentialAction":[{"@type":"SearchAction","target":{"@type":"EntryPoint","urlTemplate":"https:\/\/ubgen.com\/pt-pt\/?s={search_term_string}"},"query-input":{"@type":"PropertyValueSpecification","valueRequired":true,"valueName":"search_term_string"}}],"inLanguage":"pt-PT"},{"@type":"Organization","@id":"https:\/\/ubgen.com\/pt-pt\/#organization","name":"Ziacom - Ubgen","url":"https:\/\/ubgen.com\/pt-pt\/","logo":{"@type":"ImageObject","inLanguage":"pt-PT","@id":"https:\/\/ubgen.com\/pt-pt\/#\/schema\/logo\/image\/","url":"https:\/\/ubgen.com\/wp-content\/uploads\/2024\/12\/Recurso-2@2x.png","contentUrl":"https:\/\/ubgen.com\/wp-content\/uploads\/2024\/12\/Recurso-2@2x.png","width":335,"height":80,"caption":"Ziacom - Ubgen"},"image":{"@id":"https:\/\/ubgen.com\/pt-pt\/#\/schema\/logo\/image\/"},"sameAs":["https:\/\/www.facebook.com\/Ubgen","https:\/\/www.youtube.com\/@ubgen68","https:\/\/www.linkedin.com\/company\/ubgen\/","https:\/\/www.instagram.com\/_ubgen_biomaterials_\/"]}]}},"_links":{"self":[{"href":"https:\/\/ubgen.com\/pt-pt\/wp-json\/wp\/v2\/pages\/11829","targetHints":{"allow":["GET"]}}],"collection":[{"href":"https:\/\/ubgen.com\/pt-pt\/wp-json\/wp\/v2\/pages"}],"about":[{"href":"https:\/\/ubgen.com\/pt-pt\/wp-json\/wp\/v2\/types\/page"}],"author":[{"embeddable":true,"href":"https:\/\/ubgen.com\/pt-pt\/wp-json\/wp\/v2\/users\/7"}],"replies":[{"embeddable":true,"href":"https:\/\/ubgen.com\/pt-pt\/wp-json\/wp\/v2\/comments?post=11829"}],"version-history":[{"count":11,"href":"https:\/\/ubgen.com\/pt-pt\/wp-json\/wp\/v2\/pages\/11829\/revisions"}],"predecessor-version":[{"id":11902,"href":"https:\/\/ubgen.com\/pt-pt\/wp-json\/wp\/v2\/pages\/11829\/revisions\/11902"}],"wp:attachment":[{"href":"https:\/\/ubgen.com\/pt-pt\/wp-json\/wp\/v2\/media?parent=11829"}],"curies":[{"name":"wp","href":"https:\/\/api.w.org\/{rel}","templated":true}]}}